{"id":15903,"date":"2024-03-05T09:22:21","date_gmt":"2024-03-05T06:22:21","guid":{"rendered":"http:\/\/ids.by\/es\/?page_id=15903"},"modified":"2024-03-12T09:25:41","modified_gmt":"2024-03-12T06:25:41","slug":"socios-y-usuarios","status":"publish","type":"page","link":"https:\/\/ids.by\/es\/socios-y-usuarios\/","title":{"rendered":"Socios y usuarios"},"content":{"rendered":"\t\t<div data-elementor-type=\"wp-page\" data-elementor-id=\"15903\" class=\"elementor elementor-15903\">\n\t\t\t\t\t\t<section data-particle_enable=\"false\" data-particle-mobile-disabled=\"false\" class=\"elementor-section elementor-top-section elementor-element elementor-element-633ade7 elementor-section-full_width pix-container-boxed-no elementor-section-height-default elementor-section-height-default\" data-id=\"633ade7\" data-element_type=\"section\" data-e-type=\"section\">\n\t\t\t\t\t\t<div class=\"elementor-container elementor-column-gap-default\">\n\t\t\t\t\t<div class=\"elementor-column elementor-col-100 elementor-top-column elementor-element elementor-element-2fb37ab\" data-id=\"2fb37ab\" data-element_type=\"column\" data-e-type=\"column\">\n\t\t\t<div class=\"elementor-widget-wrap elementor-element-populated\">\n\t\t\t\t\t\t<div class=\"elementor-element elementor-element-1322235 elementor-widget elementor-widget-text-editor\" data-id=\"1322235\" data-element_type=\"widget\" data-e-type=\"widget\" data-widget_type=\"text-editor.default\">\n\t\t\t\t<div class=\"elementor-widget-container\">\n\t\t\t\t\t\t\t\t\t<p>La empresa estatal &#8220;Centro de sistemas de identificaci\u00f3n&#8221; interact\u00faa con las autoridades gubernamentales y las comunidades empresariales de la Rep\u00fablica de Belar\u00fas, la Comisi\u00f3n Econ\u00f3mica Euroasi\u00e1tica, las estructuras de la CEE de la ONU (CEFACT, WP6, WP7), ISO (CT 204 &#8220;Sistemas de transporte inteligentes&#8221;). Se han establecido contactos comerciales con empresas europeas y asi\u00e1ticas l\u00edderes en el campo de la identificaci\u00f3n (NXP, Sarus, Voyantic, Nordic ID, ZTE, Agriconsulting Europe S.A., Allflex, etc.).<\/p><p>Los clientes del Centro son m\u00e1s de 45.000 empresas industriales y comerciales de Belar\u00fas. El Centro coopera con universidades l\u00edderes (BSU, BSUIR) y participa en la formaci\u00f3n de alumnos y estudiantes universitarios en el campo de la tecnolog\u00eda de la informaci\u00f3n. En 2021, sobre la base del &#8220;Centro de Sistemas de Identificaci\u00f3n&#8221; de la Empresa Estatal, se cre\u00f3 una sucursal del departamento BSUIR.<\/p><p><strong>Centro de trabajo con:<\/strong><\/p><ul><li>Academia Nacional de Ciencias de Belar\u00fas;<\/li><li>Ministerio de Impuestos y Derechos de la Rep\u00fablica de Belar\u00fas;<\/li><li>Ministerio de Agricultura y Alimentaci\u00f3n de la Rep\u00fablica de Belar\u00fas;<\/li><li>Ministerio de Comunicaciones e Informatizaci\u00f3n de la Rep\u00fablica de Belar\u00fas;<\/li><li>Ministerio de Finanzas de la Rep\u00fablica de Belar\u00fas, Departamento de Se\u00f1ales de Estado del Ministerio de Finanzas de la Rep\u00fablica de Belar\u00fas;<\/li><li>Ministerio de Regulaci\u00f3n Antimonopolio y Comercio de la Rep\u00fablica de Belar\u00fas;<\/li><li>Ministerio de Educaci\u00f3n de la Rep\u00fablica de Belar\u00fas;<\/li><li>Universidades e instituciones educativas;<\/li><li>Ministerio de Relaciones Exteriores de la Rep\u00fablica de Belar\u00fas y sus oficinas en otros pa\u00edses;<\/li><li>Comit\u00e9 Estatal de Normalizaci\u00f3n de la Rep\u00fablica de Belar\u00fas;<\/li><li>Comisi\u00f3n Econ\u00f3mica Euroasi\u00e1tica (CEE);<\/li><li>Consejo Empresarial de la UEEA;<\/li><li>La Comisi\u00f3n Econ\u00f3mica de las Naciones Unidas para Europa (CEPE);<\/li><li>El Centro de las Naciones Unidas para la Facilitaci\u00f3n del Comercio y el Comercio Electr\u00f3nico (UN\/CEFACT);<\/li><li>C\u00e1mara de Comercio e Industria de Belar\u00fas;<\/li><li>Asociaci\u00f3n para la Identificaci\u00f3n Autom\u00e1tica GS1 Belar\u00fas;<\/li><li>Asociaci\u00f3n cient\u00edfica y tecnol\u00f3gica \u201cInfopark\u201d;<\/li><li>Confederaci\u00f3n de Negocios Digitales de la Rep\u00fablica de Belar\u00fas;<\/li><li>Fabricantes, proveedores de bienes, redes comerciales.<\/li><\/ul>\t\t\t\t\t\t\t\t<\/div>\n\t\t\t\t<\/div>\n\t\t\t\t\t<\/div>\n\t\t<\/div>\n\t\t\t\t\t<\/div>\n\t\t<\/section>\n\t\t\t\t<\/div>\n\t\t","protected":false},"excerpt":{"rendered":"<p>La empresa estatal &#8220;Centro de sistemas de identificaci\u00f3n&#8221; interact\u00faa con las autoridades gubernamentales y las comunidades empresariales de la Rep\u00fablica de Belar\u00fas, la Comisi\u00f3n Econ\u00f3mica Euroasi\u00e1tica, las estructuras de la CEE de la ONU (CEFACT, WP6, WP7), ISO (CT 204 &#8220;Sistemas de transporte inteligentes&#8221;). Se han establecido contactos comerciales con empresas europeas y asi\u00e1ticas l\u00edderes [&hellip;]<\/p>\n","protected":false},"author":1,"featured_media":0,"parent":0,"menu_order":0,"comment_status":"closed","ping_status":"closed","template":"","meta":{"inline_featured_image":false,"footnotes":""},"class_list":["post-15903","page","type-page","status-publish","hentry"],"yoast_head":"<!-- This site is optimized with the Yoast SEO plugin v24.7 - https:\/\/yoast.com\/wordpress\/plugins\/seo\/ -->\n<title>Socios y usuarios - Centro de Sistemas de Identificaci\u00f3n<\/title>\n<meta name=\"robots\" content=\"index, follow, max-snippet:-1, max-image-preview:large, max-video-preview:-1\" \/>\n<link rel=\"canonical\" href=\"https:\/\/ids.by\/es\/socios-y-usuarios\/\" \/>\n<meta property=\"og:locale\" content=\"es_ES\" \/>\n<meta property=\"og:type\" content=\"article\" \/>\n<meta property=\"og:title\" content=\"Socios y usuarios - Centro de Sistemas de Identificaci\u00f3n\" \/>\n<meta property=\"og:description\" content=\"La empresa estatal &#8220;Centro de sistemas de identificaci\u00f3n&#8221; interact\u00faa con las autoridades gubernamentales y las comunidades empresariales de la Rep\u00fablica de Belar\u00fas, la Comisi\u00f3n Econ\u00f3mica Euroasi\u00e1tica, las estructuras de la CEE de la ONU (CEFACT, WP6, WP7), ISO (CT 204 &#8220;Sistemas de transporte inteligentes&#8221;). Se han establecido contactos comerciales con empresas europeas y asi\u00e1ticas l\u00edderes [&hellip;]\" \/>\n<meta property=\"og:url\" content=\"https:\/\/ids.by\/es\/socios-y-usuarios\/\" \/>\n<meta property=\"og:site_name\" content=\"Centro de Sistemas de Identificaci\u00f3n\" \/>\n<meta property=\"article:modified_time\" content=\"2024-03-12T06:25:41+00:00\" \/>\n<meta name=\"twitter:card\" content=\"summary_large_image\" \/>\n<meta name=\"twitter:label1\" content=\"Tiempo de lectura\" \/>\n\t<meta name=\"twitter:data1\" content=\"2 minutes\" \/>\n<script type=\"application\/ld+json\" class=\"yoast-schema-graph\">{\"@context\":\"https:\/\/schema.org\",\"@graph\":[{\"@type\":\"WebPage\",\"@id\":\"https:\/\/ids.by\/es\/socios-y-usuarios\/\",\"url\":\"https:\/\/ids.by\/es\/socios-y-usuarios\/\",\"name\":\"Socios y usuarios - Centro de Sistemas de Identificaci\u00f3n\",\"isPartOf\":{\"@id\":\"https:\/\/ids.by\/es\/#website\"},\"datePublished\":\"2024-03-05T06:22:21+00:00\",\"dateModified\":\"2024-03-12T06:25:41+00:00\",\"breadcrumb\":{\"@id\":\"https:\/\/ids.by\/es\/socios-y-usuarios\/#breadcrumb\"},\"inLanguage\":\"es-ES\",\"potentialAction\":[{\"@type\":\"ReadAction\",\"target\":[\"https:\/\/ids.by\/es\/socios-y-usuarios\/\"]}]},{\"@type\":\"BreadcrumbList\",\"@id\":\"https:\/\/ids.by\/es\/socios-y-usuarios\/#breadcrumb\",\"itemListElement\":[{\"@type\":\"ListItem\",\"position\":1,\"name\":\"\u0413\u043b\u0430\u0432\u043d\u0430\u044f \u0441\u0442\u0440\u0430\u043d\u0438\u0446\u0430\",\"item\":\"https:\/\/ids.by\/es\/\"},{\"@type\":\"ListItem\",\"position\":2,\"name\":\"Socios y usuarios\"}]},{\"@type\":\"WebSite\",\"@id\":\"https:\/\/ids.by\/es\/#website\",\"url\":\"https:\/\/ids.by\/es\/\",\"name\":\"Centro de Sistemas de Identificaci\u00f3n\",\"description\":\"\",\"potentialAction\":[{\"@type\":\"SearchAction\",\"target\":{\"@type\":\"EntryPoint\",\"urlTemplate\":\"https:\/\/ids.by\/es\/?s={search_term_string}\"},\"query-input\":{\"@type\":\"PropertyValueSpecification\",\"valueRequired\":true,\"valueName\":\"search_term_string\"}}],\"inLanguage\":\"es-ES\"}]}<\/script>\n<!-- \/ Yoast SEO plugin. -->","yoast_head_json":{"title":"Socios y usuarios - Centro de Sistemas de Identificaci\u00f3n","robots":{"index":"index","follow":"follow","max-snippet":"max-snippet:-1","max-image-preview":"max-image-preview:large","max-video-preview":"max-video-preview:-1"},"canonical":"https:\/\/ids.by\/es\/socios-y-usuarios\/","og_locale":"es_ES","og_type":"article","og_title":"Socios y usuarios - Centro de Sistemas de Identificaci\u00f3n","og_description":"La empresa estatal &#8220;Centro de sistemas de identificaci\u00f3n&#8221; interact\u00faa con las autoridades gubernamentales y las comunidades empresariales de la Rep\u00fablica de Belar\u00fas, la Comisi\u00f3n Econ\u00f3mica Euroasi\u00e1tica, las estructuras de la CEE de la ONU (CEFACT, WP6, WP7), ISO (CT 204 &#8220;Sistemas de transporte inteligentes&#8221;). Se han establecido contactos comerciales con empresas europeas y asi\u00e1ticas l\u00edderes [&hellip;]","og_url":"https:\/\/ids.by\/es\/socios-y-usuarios\/","og_site_name":"Centro de Sistemas de Identificaci\u00f3n","article_modified_time":"2024-03-12T06:25:41+00:00","twitter_card":"summary_large_image","twitter_misc":{"Tiempo de lectura":"2 minutes"},"schema":{"@context":"https:\/\/schema.org","@graph":[{"@type":"WebPage","@id":"https:\/\/ids.by\/es\/socios-y-usuarios\/","url":"https:\/\/ids.by\/es\/socios-y-usuarios\/","name":"Socios y usuarios - Centro de Sistemas de Identificaci\u00f3n","isPartOf":{"@id":"https:\/\/ids.by\/es\/#website"},"datePublished":"2024-03-05T06:22:21+00:00","dateModified":"2024-03-12T06:25:41+00:00","breadcrumb":{"@id":"https:\/\/ids.by\/es\/socios-y-usuarios\/#breadcrumb"},"inLanguage":"es-ES","potentialAction":[{"@type":"ReadAction","target":["https:\/\/ids.by\/es\/socios-y-usuarios\/"]}]},{"@type":"BreadcrumbList","@id":"https:\/\/ids.by\/es\/socios-y-usuarios\/#breadcrumb","itemListElement":[{"@type":"ListItem","position":1,"name":"\u0413\u043b\u0430\u0432\u043d\u0430\u044f \u0441\u0442\u0440\u0430\u043d\u0438\u0446\u0430","item":"https:\/\/ids.by\/es\/"},{"@type":"ListItem","position":2,"name":"Socios y usuarios"}]},{"@type":"WebSite","@id":"https:\/\/ids.by\/es\/#website","url":"https:\/\/ids.by\/es\/","name":"Centro de Sistemas de Identificaci\u00f3n","description":"","potentialAction":[{"@type":"SearchAction","target":{"@type":"EntryPoint","urlTemplate":"https:\/\/ids.by\/es\/?s={search_term_string}"},"query-input":{"@type":"PropertyValueSpecification","valueRequired":true,"valueName":"search_term_string"}}],"inLanguage":"es-ES"}]}},"_links":{"self":[{"href":"https:\/\/ids.by\/es\/wp-json\/wp\/v2\/pages\/15903","targetHints":{"allow":["GET"]}}],"collection":[{"href":"https:\/\/ids.by\/es\/wp-json\/wp\/v2\/pages"}],"about":[{"href":"https:\/\/ids.by\/es\/wp-json\/wp\/v2\/types\/page"}],"author":[{"embeddable":true,"href":"https:\/\/ids.by\/es\/wp-json\/wp\/v2\/users\/1"}],"replies":[{"embeddable":true,"href":"https:\/\/ids.by\/es\/wp-json\/wp\/v2\/comments?post=15903"}],"version-history":[{"count":0,"href":"https:\/\/ids.by\/es\/wp-json\/wp\/v2\/pages\/15903\/revisions"}],"wp:attachment":[{"href":"https:\/\/ids.by\/es\/wp-json\/wp\/v2\/media?parent=15903"}],"curies":[{"name":"wp","href":"https:\/\/api.w.org\/{rel}","templated":true}]}}