{"id":15647,"date":"2023-10-13T12:42:47","date_gmt":"2023-10-13T09:42:47","guid":{"rendered":"http:\/\/ids.by\/en\/?page_id=15647"},"modified":"2024-03-05T09:46:46","modified_gmt":"2024-03-05T06:46:46","slug":"quienes-somos","status":"publish","type":"page","link":"https:\/\/ids.by\/es\/quienes-somos\/","title":{"rendered":"Qui\u00e9nes somos"},"content":{"rendered":"\t\t<div data-elementor-type=\"wp-page\" data-elementor-id=\"15647\" class=\"elementor elementor-15647\">\n\t\t\t\t\t\t<section data-particle_enable=\"false\" data-particle-mobile-disabled=\"false\" class=\"elementor-section elementor-top-section elementor-element elementor-element-017cfc1 elementor-section-full_width pix-container-boxed-no elementor-section-height-default elementor-section-height-default\" data-id=\"017cfc1\" data-element_type=\"section\" data-e-type=\"section\">\n\t\t\t\t\t\t<div class=\"elementor-container elementor-column-gap-default\">\n\t\t\t\t\t<div class=\"elementor-column elementor-col-100 elementor-top-column elementor-element elementor-element-7bdb869\" data-id=\"7bdb869\" data-element_type=\"column\" data-e-type=\"column\">\n\t\t\t<div class=\"elementor-widget-wrap elementor-element-populated\">\n\t\t\t\t\t\t<div class=\"elementor-element elementor-element-3f18e48 elementor-widget elementor-widget-eael-adv-tabs\" data-id=\"3f18e48\" data-element_type=\"widget\" data-e-type=\"widget\" data-widget_type=\"eael-adv-tabs.default\">\n\t\t\t\t<div class=\"elementor-widget-container\">\n\t\t\t\t\t        <div data-scroll-on-click=\"no\" data-scroll-speed=\"300\" id=\"eael-advance-tabs-3f18e48\" class=\"eael-advance-tabs eael-tabs-horizontal eael-tab-auto-active \" data-tabid=\"3f18e48\">\n            <div class=\"eael-tabs-nav \">\n                <ul class=\"eael-tab-inline-icon\" role=\"tablist\">\n                                            <li id=\"quines-somos\" class=\" eael-tab-item-trigger eael-tab-nav-item\" aria-selected=\"true\" data-tab=\"1\" role=\"tab\" tabindex=\"0\" aria-controls=\"quines-somos-tab\" aria-expanded=\"false\">\n                            \n                                                                <svg class=\"e-font-icon-svg e-fas-barcode\" viewBox=\"0 0 512 512\" xmlns=\"http:\/\/www.w3.org\/2000\/svg\"><path d=\"M0 448V64h18v384H0zm26.857-.273V64H36v383.727h-9.143zm27.143 0V64h8.857v383.727H54zm44.857 0V64h8.857v383.727h-8.857zm36 0V64h17.714v383.727h-17.714zm44.857 0V64h8.857v383.727h-8.857zm18 0V64h8.857v383.727h-8.857zm18 0V64h8.857v383.727h-8.857zm35.715 0V64h18v383.727h-18zm44.857 0V64h18v383.727h-18zm35.999 0V64h18.001v383.727h-18.001zm36.001 0V64h18.001v383.727h-18.001zm26.857 0V64h18v383.727h-18zm45.143 0V64h26.857v383.727h-26.857zm35.714 0V64h9.143v383.727H476zm18 .273V64h18v384h-18z\"><\/path><\/svg>                                                            \n                                                            <span class=\"eael-tab-title title-after-icon\" >Qui\u00e9nes somos<\/span>                            \n                                                    <\/li>\n                                            <li id=\"capacidades\" class=\" eael-tab-item-trigger eael-tab-nav-item\" aria-selected=\"false\" data-tab=\"2\" role=\"tab\" tabindex=\"-1\" aria-controls=\"capacidades-tab\" aria-expanded=\"false\">\n                            \n                                                                <svg class=\"e-font-icon-svg e-fas-passport\" viewBox=\"0 0 448 512\" xmlns=\"http:\/\/www.w3.org\/2000\/svg\"><path d=\"M129.62 176h39.09c1.49-27.03 6.54-51.35 14.21-70.41-27.71 13.24-48.02 39.19-53.3 70.41zm0 32c5.29 31.22 25.59 57.17 53.3 70.41-7.68-19.06-12.72-43.38-14.21-70.41h-39.09zM224 286.69c7.69-7.45 20.77-34.42 23.43-78.69h-46.87c2.67 44.26 15.75 71.24 23.44 78.69zM200.57 176h46.87c-2.66-44.26-15.74-71.24-23.43-78.69-7.7 7.45-20.78 34.43-23.44 78.69zm64.51 102.41c27.71-13.24 48.02-39.19 53.3-70.41h-39.09c-1.49 27.03-6.53 51.35-14.21 70.41zM416 0H64C28.65 0 0 28.65 0 64v384c0 35.35 28.65 64 64 64h352c17.67 0 32-14.33 32-32V32c0-17.67-14.33-32-32-32zm-80 416H112c-8.8 0-16-7.2-16-16s7.2-16 16-16h224c8.8 0 16 7.2 16 16s-7.2 16-16 16zm-112-96c-70.69 0-128-57.31-128-128S153.31 64 224 64s128 57.31 128 128-57.31 128-128 128zm41.08-214.41c7.68 19.06 12.72 43.38 14.21 70.41h39.09c-5.28-31.22-25.59-57.17-53.3-70.41z\"><\/path><\/svg>                                                            \n                                                            <span class=\"eael-tab-title title-after-icon\" >Capacidades<\/span>                            \n                                                    <\/li>\n                                            <li id=\"actividad-principal\" class=\"inactive eael-tab-item-trigger eael-tab-nav-item\" aria-selected=\"false\" data-tab=\"3\" role=\"tab\" tabindex=\"-1\" aria-controls=\"actividad-principal-tab\" aria-expanded=\"false\">\n                            \n                                                                <svg class=\"e-font-icon-svg e-fas-business-time\" viewBox=\"0 0 640 512\" xmlns=\"http:\/\/www.w3.org\/2000\/svg\"><path d=\"M496 224c-79.59 0-144 64.41-144 144s64.41 144 144 144 144-64.41 144-144-64.41-144-144-144zm64 150.29c0 5.34-4.37 9.71-9.71 9.71h-60.57c-5.34 0-9.71-4.37-9.71-9.71v-76.57c0-5.34 4.37-9.71 9.71-9.71h12.57c5.34 0 9.71 4.37 9.71 9.71V352h38.29c5.34 0 9.71 4.37 9.71 9.71v12.58zM496 192c5.4 0 10.72.33 16 .81V144c0-25.6-22.4-48-48-48h-80V48c0-25.6-22.4-48-48-48H176c-25.6 0-48 22.4-48 48v48H48c-25.6 0-48 22.4-48 48v80h395.12c28.6-20.09 63.35-32 100.88-32zM320 96H192V64h128v32zm6.82 224H208c-8.84 0-16-7.16-16-16v-48H0v144c0 25.6 22.4 48 48 48h291.43C327.1 423.96 320 396.82 320 368c0-16.66 2.48-32.72 6.82-48z\"><\/path><\/svg>                                                            \n                                                            <span class=\"eael-tab-title title-after-icon\" >Actividad principal<\/span>                            \n                                                    <\/li>\n                                            <li id=\"cualificaciones\" class=\"inactive eael-tab-item-trigger eael-tab-nav-item\" aria-selected=\"false\" data-tab=\"4\" role=\"tab\" tabindex=\"-1\" aria-controls=\"cualificaciones-tab\" aria-expanded=\"false\">\n                            \n                                                                <svg class=\"e-font-icon-svg e-far-gem\" viewBox=\"0 0 576 512\" xmlns=\"http:\/\/www.w3.org\/2000\/svg\"><path d=\"M464 0H112c-4 0-7.8 2-10 5.4L2 152.6c-2.9 4.4-2.6 10.2.7 14.2l276 340.8c4.8 5.9 13.8 5.9 18.6 0l276-340.8c3.3-4.1 3.6-9.8.7-14.2L474.1 5.4C471.8 2 468.1 0 464 0zm-19.3 48l63.3 96h-68.4l-51.7-96h56.8zm-202.1 0h90.7l51.7 96H191l51.6-96zm-111.3 0h56.8l-51.7 96H68l63.3-96zm-43 144h51.4L208 352 88.3 192zm102.9 0h193.6L288 435.3 191.2 192zM368 352l68.2-160h51.4L368 352z\"><\/path><\/svg>                                                            \n                                                            <span class=\"eael-tab-title title-after-icon\" >Cualificaciones<\/span>                            \n                                                    <\/li>\n                    \n                                  <\/ul>\n            <\/div>\n            \n            <div class=\"eael-tabs-content\">\n\t\t        \n                    <div id=\"quines-somos-tab\" class=\"clearfix eael-tab-content-item \" data-title-link=\"quines-somos-tab\">\n\t\t\t\t        <p style=\"font-weight: 400\"><strong>Proporcionar informaci\u00f3n que demuestre que est\u00e1n cualificados en el \u00e1mbito de la misi\u00f3n.<\/strong><\/p><p>La empresa p\u00fablica de investigaci\u00f3n y desarrollo &#8220;Centro de Sistemas de Identificaci\u00f3n&#8221; es una organizaci\u00f3n cient\u00edfica acreditada, que lleva mucho tiempo participando en el desarrollo y la promoci\u00f3n de tecnolog\u00edas sin papel en el comercio y la industria.<\/p><p>El Centro ha desarrollado un sistema nacional de numeraci\u00f3n de art\u00edculos, identificaci\u00f3n autom\u00e1tica y comercio electr\u00f3nico como parte del sistema internacional de normas mundiales GS1. El Centro crea, desarrolla y mantiene recursos de informaci\u00f3n gubernamentales, industriales y corporativos para la producci\u00f3n, la log\u00edstica y el comercio.<\/p><p>El Centro es un proveedor de sistemas y tecnolog\u00edas de informaci\u00f3n automatizados, listos para su implantaci\u00f3n, basados en normas internacionales para la identificaci\u00f3n autom\u00e1tica y el comercio electr\u00f3nico.<\/p><p>Hemos creado y mantenemos al d\u00eda el registro nacional (dep\u00f3sito) de mercanc\u00edas, que est\u00e1n marcadas con los c\u00f3digos internacionales de identificaci\u00f3n (c\u00f3digos de barras y c\u00f3digos RF) que contienen el prefijo de pa\u00eds 481 asignado a la Rep\u00fablica de Belar\u00fas.<\/p><p>El Centro mantiene el Banco de Datos de Pasaportes Electr\u00f3nicos de Mercanc\u00edas (www.epass.by) &#8211; el sistema republicano de informaci\u00f3n b\u00e1sica (datos maestros) sobre los productos que se fabrican o venden en Bielorrusia. El Banco de Datos se utiliza para la contabilidad y log\u00edstica automatizadas en las redes de distribuci\u00f3n de mercanc\u00edas y para la gesti\u00f3n de los procesos de comercio electr\u00f3nico (m\u00e1s de 8500 empresas participantes y m\u00e1s de 9,5 millones de art\u00edculos).<\/p><p>Mantenemos el sistema automatizado &#8220;Control de la legalidad de las mercanc\u00edas&#8221; basado en tecnolog\u00edas RFID.<\/p>                    <\/div>\n\t\t        \n                    <div id=\"capacidades-tab\" class=\"clearfix eael-tab-content-item \" data-title-link=\"capacidades-tab\">\n\t\t\t\t        <p><span style=\"font-weight: 400\"><strong>Capacidades t\u00e9cnicas y de gesti\u00f3n del Centro.<\/strong><\/span><\/p><p>El Centro dispone de una base material y t\u00e9cnica avanzada, as\u00ed como de una base cient\u00edfica, y de un n\u00famero suficiente de personal cualificado.<\/p><p>El Centro es una organizaci\u00f3n de expertos independiente, que cre\u00f3 un laboratorio de identificaci\u00f3n por radiofrecuencia y un laboratorio de verificaci\u00f3n de c\u00f3digos de barras, acreditados por el Comit\u00e9 Nacional de Normalizaci\u00f3n. En la actualidad, el Centro promueve la aplicaci\u00f3n de normas internacionales en el \u00e1mbito de las tecnolog\u00edas de identificaci\u00f3n autom\u00e1tica en Belar\u00fas, realiza investigaciones y desarrolla sistemas automatizados, participa activamente en los trabajos de normalizaci\u00f3n a escala nacional.<\/p><p>Los laboratorios cooperan con una serie de destacadas universidades bielorrusas que llevan a cabo investigaciones e imparten formaci\u00f3n a especialistas altamente cualificados.<\/p><p>En 2012, con la participaci\u00f3n de GS1 Belar\u00fas, el Laboratorio RFID se convirti\u00f3 en un Laboratorio RFID\/EPC y se incorpor\u00f3 a la red europea GS1 EPC\/RFID Lab Network.<\/p><p>Adem\u00e1s, el Comit\u00e9 Nacional de Normalizaci\u00f3n ha establecido el Comit\u00e9 T\u00e9cnico Nacional de Normalizaci\u00f3n TC BY 24 &#8220;Identificaci\u00f3n&#8221; dentro del Centro.<\/p>                    <\/div>\n\t\t        \n                    <div id=\"actividad-principal-tab\" class=\"clearfix eael-tab-content-item inactive\" data-title-link=\"actividad-principal-tab\">\n\t\t\t\t        <p style=\"font-weight: 400\"><strong>El Centro de Sistemas de Identificaci\u00f3n fue fundado en 2006 por Resoluci\u00f3n del Gobierno como organizaci\u00f3n especializada en el \u00e1mbito de las tecnolog\u00edas de identificaci\u00f3n autom\u00e1tica y el comercio electr\u00f3nico.<\/strong><\/p><p>El Centro es una organizaci\u00f3n cient\u00edfica acreditada que desarrolla un sistema nacional de numeraci\u00f3n de art\u00edculos, identificaci\u00f3n autom\u00e1tica y comercio electr\u00f3nico como parte del sistema internacional de Est\u00e1ndares Globales GS1. Crea, desarrolla y mantiene recursos de informaci\u00f3n gubernamentales, industriales y empresariales para la producci\u00f3n, la log\u00edstica y el comercio.<\/p><p>El Centro es un organismo autorizado que expide certificados para los operadores de la gesti\u00f3n electr\u00f3nica de documentos que se ocupan de las cartas de porte electr\u00f3nicas (proveedores EDI).<\/p>                    <\/div>\n\t\t        \n                    <div id=\"cualificaciones-tab\" class=\"clearfix eael-tab-content-item inactive\" data-title-link=\"cualificaciones-tab\">\n\t\t\t\t        <p style=\"font-weight: 400\"><strong>El equipo del Centro est\u00e1 formado por analistas de negocio, dise\u00f1adores, programadores y gestores altamente cualificados, cuyas competencias est\u00e1n confirmadas por certificados internacionales.<\/strong><\/p><p>Contamos con una plantilla de 60 empleados, de los cuales 2 son doctores en ingenier\u00eda, 2 son doctores en ingenier\u00eda, 6 son investigadores junior, 5 son investigadores senior y 2 son investigadores principales.<\/p><p>Nuestros especialistas han desarrollado e implementado m\u00e1s de 40 proyectos y sistemas nacionales, industriales y corporativos, que se basan en tecnolog\u00edas modernas de identificaci\u00f3n autom\u00e1tica y comercio electr\u00f3nico; as\u00ed como m\u00e1s de 20 actos jur\u00eddicos normativos t\u00e9cnicos especializados. Tambi\u00e9n han participado en los trabajos realizados en el marco de los proyectos del Banco Mundial: Efecto 2000, E-Readiness.<\/p>                    <\/div>\n\t\t                    <\/div>\n        <\/div>\n\t\t\t\t<\/div>\n\t\t\t\t<\/div>\n\t\t\t\t\t<\/div>\n\t\t<\/div>\n\t\t\t\t\t<\/div>\n\t\t<\/section>\n\t\t\t\t<\/div>\n\t\t","protected":false},"excerpt":{"rendered":"<p>Qui\u00e9nes somos Capacidades Actividad principal Cualificaciones Proporcionar informaci\u00f3n que demuestre que est\u00e1n cualificados en el \u00e1mbito de la misi\u00f3n. La empresa p\u00fablica de investigaci\u00f3n y desarrollo &#8220;Centro de Sistemas de Identificaci\u00f3n&#8221; es una organizaci\u00f3n cient\u00edfica acreditada, que lleva mucho tiempo participando en el desarrollo y la promoci\u00f3n de tecnolog\u00edas sin papel en el comercio y [&hellip;]<\/p>\n","protected":false},"author":1,"featured_media":0,"parent":0,"menu_order":0,"comment_status":"closed","ping_status":"closed","template":"","meta":{"inline_featured_image":false,"footnotes":""},"class_list":["post-15647","page","type-page","status-publish","hentry"],"yoast_head":"<!-- This site is optimized with the Yoast SEO plugin v24.7 - https:\/\/yoast.com\/wordpress\/plugins\/seo\/ -->\n<title>Qui\u00e9nes somos - Centro de Sistemas de Identificaci\u00f3n<\/title>\n<meta name=\"robots\" content=\"index, follow, max-snippet:-1, max-image-preview:large, max-video-preview:-1\" \/>\n<link rel=\"canonical\" href=\"https:\/\/ids.by\/es\/quienes-somos\/\" \/>\n<meta property=\"og:locale\" content=\"es_ES\" \/>\n<meta property=\"og:type\" content=\"article\" \/>\n<meta property=\"og:title\" content=\"Qui\u00e9nes somos - Centro de Sistemas de Identificaci\u00f3n\" \/>\n<meta property=\"og:description\" content=\"Qui\u00e9nes somos Capacidades Actividad principal Cualificaciones Proporcionar informaci\u00f3n que demuestre que est\u00e1n cualificados en el \u00e1mbito de la misi\u00f3n. La empresa p\u00fablica de investigaci\u00f3n y desarrollo &#8220;Centro de Sistemas de Identificaci\u00f3n&#8221; es una organizaci\u00f3n cient\u00edfica acreditada, que lleva mucho tiempo participando en el desarrollo y la promoci\u00f3n de tecnolog\u00edas sin papel en el comercio y [&hellip;]\" \/>\n<meta property=\"og:url\" content=\"https:\/\/ids.by\/es\/quienes-somos\/\" \/>\n<meta property=\"og:site_name\" content=\"Centro de Sistemas de Identificaci\u00f3n\" \/>\n<meta property=\"article:modified_time\" content=\"2024-03-05T06:46:46+00:00\" \/>\n<meta name=\"twitter:card\" content=\"summary_large_image\" \/>\n<meta name=\"twitter:label1\" content=\"Tiempo de lectura\" \/>\n\t<meta name=\"twitter:data1\" content=\"4 minutes\" \/>\n<script type=\"application\/ld+json\" class=\"yoast-schema-graph\">{\"@context\":\"https:\/\/schema.org\",\"@graph\":[{\"@type\":\"WebPage\",\"@id\":\"https:\/\/ids.by\/es\/quienes-somos\/\",\"url\":\"https:\/\/ids.by\/es\/quienes-somos\/\",\"name\":\"Qui\u00e9nes somos - Centro de Sistemas de Identificaci\u00f3n\",\"isPartOf\":{\"@id\":\"https:\/\/ids.by\/es\/#website\"},\"datePublished\":\"2023-10-13T09:42:47+00:00\",\"dateModified\":\"2024-03-05T06:46:46+00:00\",\"breadcrumb\":{\"@id\":\"https:\/\/ids.by\/es\/quienes-somos\/#breadcrumb\"},\"inLanguage\":\"es-ES\",\"potentialAction\":[{\"@type\":\"ReadAction\",\"target\":[\"https:\/\/ids.by\/es\/quienes-somos\/\"]}]},{\"@type\":\"BreadcrumbList\",\"@id\":\"https:\/\/ids.by\/es\/quienes-somos\/#breadcrumb\",\"itemListElement\":[{\"@type\":\"ListItem\",\"position\":1,\"name\":\"\u0413\u043b\u0430\u0432\u043d\u0430\u044f \u0441\u0442\u0440\u0430\u043d\u0438\u0446\u0430\",\"item\":\"https:\/\/ids.by\/es\/\"},{\"@type\":\"ListItem\",\"position\":2,\"name\":\"Qui\u00e9nes somos\"}]},{\"@type\":\"WebSite\",\"@id\":\"https:\/\/ids.by\/es\/#website\",\"url\":\"https:\/\/ids.by\/es\/\",\"name\":\"Centro de Sistemas de Identificaci\u00f3n\",\"description\":\"\",\"potentialAction\":[{\"@type\":\"SearchAction\",\"target\":{\"@type\":\"EntryPoint\",\"urlTemplate\":\"https:\/\/ids.by\/es\/?s={search_term_string}\"},\"query-input\":{\"@type\":\"PropertyValueSpecification\",\"valueRequired\":true,\"valueName\":\"search_term_string\"}}],\"inLanguage\":\"es-ES\"}]}<\/script>\n<!-- \/ Yoast SEO plugin. -->","yoast_head_json":{"title":"Qui\u00e9nes somos - Centro de Sistemas de Identificaci\u00f3n","robots":{"index":"index","follow":"follow","max-snippet":"max-snippet:-1","max-image-preview":"max-image-preview:large","max-video-preview":"max-video-preview:-1"},"canonical":"https:\/\/ids.by\/es\/quienes-somos\/","og_locale":"es_ES","og_type":"article","og_title":"Qui\u00e9nes somos - Centro de Sistemas de Identificaci\u00f3n","og_description":"Qui\u00e9nes somos Capacidades Actividad principal Cualificaciones Proporcionar informaci\u00f3n que demuestre que est\u00e1n cualificados en el \u00e1mbito de la misi\u00f3n. La empresa p\u00fablica de investigaci\u00f3n y desarrollo &#8220;Centro de Sistemas de Identificaci\u00f3n&#8221; es una organizaci\u00f3n cient\u00edfica acreditada, que lleva mucho tiempo participando en el desarrollo y la promoci\u00f3n de tecnolog\u00edas sin papel en el comercio y [&hellip;]","og_url":"https:\/\/ids.by\/es\/quienes-somos\/","og_site_name":"Centro de Sistemas de Identificaci\u00f3n","article_modified_time":"2024-03-05T06:46:46+00:00","twitter_card":"summary_large_image","twitter_misc":{"Tiempo de lectura":"4 minutes"},"schema":{"@context":"https:\/\/schema.org","@graph":[{"@type":"WebPage","@id":"https:\/\/ids.by\/es\/quienes-somos\/","url":"https:\/\/ids.by\/es\/quienes-somos\/","name":"Qui\u00e9nes somos - Centro de Sistemas de Identificaci\u00f3n","isPartOf":{"@id":"https:\/\/ids.by\/es\/#website"},"datePublished":"2023-10-13T09:42:47+00:00","dateModified":"2024-03-05T06:46:46+00:00","breadcrumb":{"@id":"https:\/\/ids.by\/es\/quienes-somos\/#breadcrumb"},"inLanguage":"es-ES","potentialAction":[{"@type":"ReadAction","target":["https:\/\/ids.by\/es\/quienes-somos\/"]}]},{"@type":"BreadcrumbList","@id":"https:\/\/ids.by\/es\/quienes-somos\/#breadcrumb","itemListElement":[{"@type":"ListItem","position":1,"name":"\u0413\u043b\u0430\u0432\u043d\u0430\u044f \u0441\u0442\u0440\u0430\u043d\u0438\u0446\u0430","item":"https:\/\/ids.by\/es\/"},{"@type":"ListItem","position":2,"name":"Qui\u00e9nes somos"}]},{"@type":"WebSite","@id":"https:\/\/ids.by\/es\/#website","url":"https:\/\/ids.by\/es\/","name":"Centro de Sistemas de Identificaci\u00f3n","description":"","potentialAction":[{"@type":"SearchAction","target":{"@type":"EntryPoint","urlTemplate":"https:\/\/ids.by\/es\/?s={search_term_string}"},"query-input":{"@type":"PropertyValueSpecification","valueRequired":true,"valueName":"search_term_string"}}],"inLanguage":"es-ES"}]}},"_links":{"self":[{"href":"https:\/\/ids.by\/es\/wp-json\/wp\/v2\/pages\/15647","targetHints":{"allow":["GET"]}}],"collection":[{"href":"https:\/\/ids.by\/es\/wp-json\/wp\/v2\/pages"}],"about":[{"href":"https:\/\/ids.by\/es\/wp-json\/wp\/v2\/types\/page"}],"author":[{"embeddable":true,"href":"https:\/\/ids.by\/es\/wp-json\/wp\/v2\/users\/1"}],"replies":[{"embeddable":true,"href":"https:\/\/ids.by\/es\/wp-json\/wp\/v2\/comments?post=15647"}],"version-history":[{"count":0,"href":"https:\/\/ids.by\/es\/wp-json\/wp\/v2\/pages\/15647\/revisions"}],"wp:attachment":[{"href":"https:\/\/ids.by\/es\/wp-json\/wp\/v2\/media?parent=15647"}],"curies":[{"name":"wp","href":"https:\/\/api.w.org\/{rel}","templated":true}]}}