{"id":15401,"date":"2023-09-22T10:35:16","date_gmt":"2023-09-22T07:35:16","guid":{"rendered":"http:\/\/ids.by\/en\/?page_id=15401"},"modified":"2025-06-03T09:27:21","modified_gmt":"2025-06-03T06:27:21","slug":"laboratorio-de-pruebas-acreditado","status":"publish","type":"page","link":"https:\/\/ids.by\/es\/laboratorio-de-pruebas-acreditado\/","title":{"rendered":"Laboratorio de pruebas acreditado"},"content":{"rendered":"\t\t<div data-elementor-type=\"wp-page\" data-elementor-id=\"15401\" class=\"elementor elementor-15401\">\n\t\t\t\t\t\t<section data-particle_enable=\"false\" data-particle-mobile-disabled=\"false\" class=\"elementor-section elementor-top-section elementor-element elementor-element-4bce81a elementor-section-full_width pix-container-boxed-no elementor-section-height-default elementor-section-height-default\" data-id=\"4bce81a\" data-element_type=\"section\" data-e-type=\"section\">\n\t\t\t\t\t\t<div class=\"elementor-container elementor-column-gap-default\">\n\t\t\t\t\t<div class=\"elementor-column elementor-col-100 elementor-top-column elementor-element elementor-element-f75478f\" data-id=\"f75478f\" data-element_type=\"column\" data-e-type=\"column\">\n\t\t\t<div class=\"elementor-widget-wrap elementor-element-populated\">\n\t\t\t\t\t\t<div class=\"elementor-element elementor-element-c3e13c9 elementor-widget elementor-widget-text-editor\" data-id=\"c3e13c9\" data-element_type=\"widget\" data-e-type=\"widget\" data-widget_type=\"text-editor.default\">\n\t\t\t\t<div class=\"elementor-widget-container\">\n\t\t\t\t\t\t\t\t\t<p>A base de la Empresa Estatal \u201cCentro de Sistemas de Identificaci\u00f3n\u201d opera el Laboratorio de Ensayos acreditado por la Empresa Estatal CEAB para el cumplimiento de los requisitos Est\u00e1ndar ISO\/IEC 17025-2019 (ISO\/IEC 17025:2017, IDT). La Empresa Estatal &#8220;Centro de Sistemas de Identificaci\u00f3n&#8221; vela por la creaci\u00f3n, desarrollo y mantenimiento de los sistemas y recursos de informaci\u00f3n estatal, industrial y empresarial para la producci\u00f3n, la log\u00edstica.<\/p><p><strong>Esfera de la acreditaci\u00f3n:<\/strong><\/p><ul><li>Objetos que contienen una representaci\u00f3n gr\u00e1fica de los s\u00edmbolos de c\u00f3digo de barras lineal;<\/li><li>Objetos que contienen una representaci\u00f3n gr\u00e1fica de los s\u00edmbolos de c\u00f3digo de barras bidimensional;<\/li><li>Etiquetas RF de la banda de 860-960 MHz del est\u00e1ndar ISO\/IEC 18000-63 (EPCglobal Class1 Gen2) y objetos que las contienen;<\/li><li>Etiquetas de radiofrecuencia de la banda de 13,56 MHz de las normas ISO\/IEC 15693, ISO\/IEC 14443 y objetos que las contienen;<\/li><li>Lectores RFID en la banda de 860-960 MHz ISO\/IEC 18000-63 (EPCglobal Class1 Gen2).<\/li><\/ul>\t\t\t\t\t\t\t\t<\/div>\n\t\t\t\t<\/div>\n\t\t\t\t<div class=\"elementor-element elementor-element-9f1d639 elementor-widget elementor-widget-text-editor\" data-id=\"9f1d639\" data-element_type=\"widget\" data-e-type=\"widget\" data-widget_type=\"text-editor.default\">\n\t\t\t\t<div class=\"elementor-widget-container\">\n\t\t\t\t\t\t\t\t\t<p><strong><img fetchpriority=\"high\" decoding=\"async\" class=\"alignleft wp-image-15574\" src=\"http:\/\/ids.by\/en\/wp-content\/uploads\/sites\/4\/2023\/10\/2q-736x1024.jpg\" alt=\"\" width=\"350\" height=\"487\" srcset=\"https:\/\/ids.by\/es\/wp-content\/uploads\/sites\/5\/2023\/10\/2q-736x1024.jpg 736w, https:\/\/ids.by\/es\/wp-content\/uploads\/sites\/5\/2023\/10\/2q-216x300.jpg 216w, https:\/\/ids.by\/es\/wp-content\/uploads\/sites\/5\/2023\/10\/2q-768x1068.jpg 768w, https:\/\/ids.by\/es\/wp-content\/uploads\/sites\/5\/2023\/10\/2q-467x650.jpg 467w, https:\/\/ids.by\/es\/wp-content\/uploads\/sites\/5\/2023\/10\/2q-311x433.jpg 311w, https:\/\/ids.by\/es\/wp-content\/uploads\/sites\/5\/2023\/10\/2q.jpg 926w\" sizes=\"(max-width: 350px) 100vw, 350px\" \/><br><\/strong><\/p>\n<p><strong>The laboratory provides the following services:<\/strong><\/p>\n<ul>\n<li>Pruebas de la calidad de la aplicaci\u00f3n de s\u00edmbolos de c\u00f3digos de barras al marcar mercanc\u00edas:<br>\u2014 unidimensional (EAN8, EAN13, ITF14, C\u00f3digo 39, C\u00f3digo 128)<br>\u2014 bidimensional (GS1 DataMatrix, DataMatrix, c\u00f3digo QR)<\/li>\n<li>Validaci\u00f3n de la legalidad del uso de identificadores globales de productos aplicados en forma de c\u00f3digos de barras.<\/li>\n<\/ul>\n<p><strong><br>El informe de prueba de calidad del c\u00f3digo de barras cumple con los requisitos internacionales:<\/strong><\/p>\n<ul>\n<li>Contiene informaci\u00f3n completa sobre los resultados de las pruebas;<\/li>\n<li>Contiene una descripci\u00f3n detallada del simbolismo del c\u00f3digo de barras;<\/li>\n<li>Es un documento oficial de garant\u00eda de calidad;<\/li>\n<li>Contiene recomendaciones para lograr la calidad deseada.<\/li><\/ul>\t\t\t\t\t\t\t\t<\/div>\n\t\t\t\t<\/div>\n\t\t\t\t<div class=\"elementor-element elementor-element-7480064 elementor-widget elementor-widget-text-editor\" data-id=\"7480064\" data-element_type=\"widget\" data-e-type=\"widget\" data-widget_type=\"text-editor.default\">\n\t\t\t\t<div class=\"elementor-widget-container\">\n\t\t\t\t\t\t\t\t\t<p><strong><img decoding=\"async\" class=\"alignleft\" src=\"http:\/\/ids.by\/en\/wp-content\/uploads\/sites\/4\/2023\/10\/3q-188x300.jpg\" alt=\"\" width=\"350\" height=\"559\" \/><\/strong><strong>Como parte del sistema de metrolog\u00eda legal, el laboratorio de ensayo realiza:<\/strong><\/p><ul><li>Pruebas de rendimiento de etiquetas RFID de los est\u00e1ndares m\u00e1s comunes:<br \/>\u2014 ISO\/IEC 18000-63 (EPCglobal Class1 Gen2), banda UHF, 860-960 MHz;<br \/>\u2014 ISO\/IEC 15693, ISO\/IEC 14443, NFC, banda HF, 13,56 MHz<\/li><li>Mediciones de sensibilidad del receptor para lectores RFID ISO\/IEC 18000-63 <br \/>(EPCglobal Class1 Gen2) para dispositivos estacionarios y m\u00f3viles<\/li><\/ul><p><strong><br \/>En el laboratorio de pruebas se puede:<\/strong><\/p><ul><li>Comprobar la configuraci\u00f3n y la sensibilidad de las etiquetas RFID;<\/li><li>Determinar c\u00f3mo las caracter\u00edsticas de las etiquetas se ven afectadas por los materiales en los que est\u00e1n integradas;<\/li><li>Encontrar las soluciones m\u00e1s eficaces estudiando la dependencia de la banda de lectura de la etiqueta de su orientaci\u00f3n en el espacio;<\/li><li>Seleccionar las condiciones \u00f3ptimas para el etiquetado de art\u00edculos (mercanc\u00edas);<\/li><li>Simular el funcionamiento de etiquetas RFID con diferentes tipos de lectores.<\/li><\/ul><div><span style=\"font-weight: bold; font-variant-numeric: inherit; font-variant-east-asian: inherit; font-variant-alternates: inherit; font-variant-position: inherit; font-stretch: inherit; line-height: inherit; font-family: Manrope; font-optical-sizing: inherit; font-kerning: inherit; font-feature-settings: inherit; font-variation-settings: inherit;\">\u00a0<\/span><\/div><div><strong>Contacto:\u00a0<\/strong><br \/><strong>Tel\u00e9fono:<\/strong> +375(17) 373-30-80<br \/><strong>Correo electr\u00f3nico:<\/strong> <a href=\"mailto:rfid_lab@ids.by\">rfid_lab@ids.by<\/a><\/div>\t\t\t\t\t\t\t\t<\/div>\n\t\t\t\t<\/div>\n\t\t\t\t\t<\/div>\n\t\t<\/div>\n\t\t\t\t\t<\/div>\n\t\t<\/section>\n\t\t\t\t<\/div>\n\t\t","protected":false},"excerpt":{"rendered":"<p>A base de la Empresa Estatal \u201cCentro de Sistemas de Identificaci\u00f3n\u201d opera el Laboratorio de Ensayos acreditado por la Empresa Estatal CEAB para el cumplimiento de los requisitos Est\u00e1ndar ISO\/IEC 17025-2019 (ISO\/IEC 17025:2017, IDT). La Empresa Estatal &#8220;Centro de Sistemas de Identificaci\u00f3n&#8221; vela por la creaci\u00f3n, desarrollo y mantenimiento de los sistemas y recursos de [&hellip;]<\/p>\n","protected":false},"author":1,"featured_media":0,"parent":0,"menu_order":0,"comment_status":"closed","ping_status":"closed","template":"","meta":{"inline_featured_image":false,"footnotes":""},"class_list":["post-15401","page","type-page","status-publish","hentry"],"yoast_head":"<!-- This site is optimized with the Yoast SEO plugin v24.7 - https:\/\/yoast.com\/wordpress\/plugins\/seo\/ -->\n<title>Laboratorio de pruebas acreditado - Centro de Sistemas de Identificaci\u00f3n<\/title>\n<meta name=\"robots\" content=\"index, follow, max-snippet:-1, max-image-preview:large, max-video-preview:-1\" \/>\n<link rel=\"canonical\" href=\"https:\/\/ids.by\/es\/laboratorio-de-pruebas-acreditado\/\" \/>\n<meta property=\"og:locale\" content=\"es_ES\" \/>\n<meta property=\"og:type\" content=\"article\" \/>\n<meta property=\"og:title\" content=\"Laboratorio de pruebas acreditado - Centro de Sistemas de Identificaci\u00f3n\" \/>\n<meta property=\"og:description\" content=\"A base de la Empresa Estatal \u201cCentro de Sistemas de Identificaci\u00f3n\u201d opera el Laboratorio de Ensayos acreditado por la Empresa Estatal CEAB para el cumplimiento de los requisitos Est\u00e1ndar ISO\/IEC 17025-2019 (ISO\/IEC 17025:2017, IDT). La Empresa Estatal &#8220;Centro de Sistemas de Identificaci\u00f3n&#8221; vela por la creaci\u00f3n, desarrollo y mantenimiento de los sistemas y recursos de [&hellip;]\" \/>\n<meta property=\"og:url\" content=\"https:\/\/ids.by\/es\/laboratorio-de-pruebas-acreditado\/\" \/>\n<meta property=\"og:site_name\" content=\"Centro de Sistemas de Identificaci\u00f3n\" \/>\n<meta property=\"article:modified_time\" content=\"2025-06-03T06:27:21+00:00\" \/>\n<meta property=\"og:image\" content=\"https:\/\/ids.by\/es\/wp-content\/uploads\/sites\/5\/2023\/10\/2q.jpg\" \/>\n\t<meta property=\"og:image:width\" content=\"926\" \/>\n\t<meta property=\"og:image:height\" content=\"1288\" \/>\n\t<meta property=\"og:image:type\" content=\"image\/jpeg\" \/>\n<meta name=\"twitter:card\" content=\"summary_large_image\" \/>\n<meta name=\"twitter:label1\" content=\"Tiempo de lectura\" \/>\n\t<meta name=\"twitter:data1\" content=\"3 minutes\" \/>\n<script type=\"application\/ld+json\" class=\"yoast-schema-graph\">{\"@context\":\"https:\/\/schema.org\",\"@graph\":[{\"@type\":\"WebPage\",\"@id\":\"https:\/\/ids.by\/es\/laboratorio-de-pruebas-acreditado\/\",\"url\":\"https:\/\/ids.by\/es\/laboratorio-de-pruebas-acreditado\/\",\"name\":\"Laboratorio de pruebas acreditado - Centro de Sistemas de Identificaci\u00f3n\",\"isPartOf\":{\"@id\":\"https:\/\/ids.by\/es\/#website\"},\"primaryImageOfPage\":{\"@id\":\"https:\/\/ids.by\/es\/laboratorio-de-pruebas-acreditado\/#primaryimage\"},\"image\":{\"@id\":\"https:\/\/ids.by\/es\/laboratorio-de-pruebas-acreditado\/#primaryimage\"},\"thumbnailUrl\":\"http:\/\/ids.by\/en\/wp-content\/uploads\/sites\/4\/2023\/10\/2q-736x1024.jpg\",\"datePublished\":\"2023-09-22T07:35:16+00:00\",\"dateModified\":\"2025-06-03T06:27:21+00:00\",\"breadcrumb\":{\"@id\":\"https:\/\/ids.by\/es\/laboratorio-de-pruebas-acreditado\/#breadcrumb\"},\"inLanguage\":\"es-ES\",\"potentialAction\":[{\"@type\":\"ReadAction\",\"target\":[\"https:\/\/ids.by\/es\/laboratorio-de-pruebas-acreditado\/\"]}]},{\"@type\":\"ImageObject\",\"inLanguage\":\"es-ES\",\"@id\":\"https:\/\/ids.by\/es\/laboratorio-de-pruebas-acreditado\/#primaryimage\",\"url\":\"http:\/\/ids.by\/en\/wp-content\/uploads\/sites\/4\/2023\/10\/2q-736x1024.jpg\",\"contentUrl\":\"http:\/\/ids.by\/en\/wp-content\/uploads\/sites\/4\/2023\/10\/2q-736x1024.jpg\"},{\"@type\":\"BreadcrumbList\",\"@id\":\"https:\/\/ids.by\/es\/laboratorio-de-pruebas-acreditado\/#breadcrumb\",\"itemListElement\":[{\"@type\":\"ListItem\",\"position\":1,\"name\":\"\u0413\u043b\u0430\u0432\u043d\u0430\u044f \u0441\u0442\u0440\u0430\u043d\u0438\u0446\u0430\",\"item\":\"https:\/\/ids.by\/es\/\"},{\"@type\":\"ListItem\",\"position\":2,\"name\":\"Laboratorio de pruebas acreditado\"}]},{\"@type\":\"WebSite\",\"@id\":\"https:\/\/ids.by\/es\/#website\",\"url\":\"https:\/\/ids.by\/es\/\",\"name\":\"Centro de Sistemas de Identificaci\u00f3n\",\"description\":\"\",\"potentialAction\":[{\"@type\":\"SearchAction\",\"target\":{\"@type\":\"EntryPoint\",\"urlTemplate\":\"https:\/\/ids.by\/es\/?s={search_term_string}\"},\"query-input\":{\"@type\":\"PropertyValueSpecification\",\"valueRequired\":true,\"valueName\":\"search_term_string\"}}],\"inLanguage\":\"es-ES\"}]}<\/script>\n<!-- \/ Yoast SEO plugin. -->","yoast_head_json":{"title":"Laboratorio de pruebas acreditado - Centro de Sistemas de Identificaci\u00f3n","robots":{"index":"index","follow":"follow","max-snippet":"max-snippet:-1","max-image-preview":"max-image-preview:large","max-video-preview":"max-video-preview:-1"},"canonical":"https:\/\/ids.by\/es\/laboratorio-de-pruebas-acreditado\/","og_locale":"es_ES","og_type":"article","og_title":"Laboratorio de pruebas acreditado - Centro de Sistemas de Identificaci\u00f3n","og_description":"A base de la Empresa Estatal \u201cCentro de Sistemas de Identificaci\u00f3n\u201d opera el Laboratorio de Ensayos acreditado por la Empresa Estatal CEAB para el cumplimiento de los requisitos Est\u00e1ndar ISO\/IEC 17025-2019 (ISO\/IEC 17025:2017, IDT). La Empresa Estatal &#8220;Centro de Sistemas de Identificaci\u00f3n&#8221; vela por la creaci\u00f3n, desarrollo y mantenimiento de los sistemas y recursos de [&hellip;]","og_url":"https:\/\/ids.by\/es\/laboratorio-de-pruebas-acreditado\/","og_site_name":"Centro de Sistemas de Identificaci\u00f3n","article_modified_time":"2025-06-03T06:27:21+00:00","og_image":[{"width":926,"height":1288,"url":"https:\/\/ids.by\/es\/wp-content\/uploads\/sites\/5\/2023\/10\/2q.jpg","type":"image\/jpeg"}],"twitter_card":"summary_large_image","twitter_misc":{"Tiempo de lectura":"3 minutes"},"schema":{"@context":"https:\/\/schema.org","@graph":[{"@type":"WebPage","@id":"https:\/\/ids.by\/es\/laboratorio-de-pruebas-acreditado\/","url":"https:\/\/ids.by\/es\/laboratorio-de-pruebas-acreditado\/","name":"Laboratorio de pruebas acreditado - Centro de Sistemas de Identificaci\u00f3n","isPartOf":{"@id":"https:\/\/ids.by\/es\/#website"},"primaryImageOfPage":{"@id":"https:\/\/ids.by\/es\/laboratorio-de-pruebas-acreditado\/#primaryimage"},"image":{"@id":"https:\/\/ids.by\/es\/laboratorio-de-pruebas-acreditado\/#primaryimage"},"thumbnailUrl":"http:\/\/ids.by\/en\/wp-content\/uploads\/sites\/4\/2023\/10\/2q-736x1024.jpg","datePublished":"2023-09-22T07:35:16+00:00","dateModified":"2025-06-03T06:27:21+00:00","breadcrumb":{"@id":"https:\/\/ids.by\/es\/laboratorio-de-pruebas-acreditado\/#breadcrumb"},"inLanguage":"es-ES","potentialAction":[{"@type":"ReadAction","target":["https:\/\/ids.by\/es\/laboratorio-de-pruebas-acreditado\/"]}]},{"@type":"ImageObject","inLanguage":"es-ES","@id":"https:\/\/ids.by\/es\/laboratorio-de-pruebas-acreditado\/#primaryimage","url":"http:\/\/ids.by\/en\/wp-content\/uploads\/sites\/4\/2023\/10\/2q-736x1024.jpg","contentUrl":"http:\/\/ids.by\/en\/wp-content\/uploads\/sites\/4\/2023\/10\/2q-736x1024.jpg"},{"@type":"BreadcrumbList","@id":"https:\/\/ids.by\/es\/laboratorio-de-pruebas-acreditado\/#breadcrumb","itemListElement":[{"@type":"ListItem","position":1,"name":"\u0413\u043b\u0430\u0432\u043d\u0430\u044f \u0441\u0442\u0440\u0430\u043d\u0438\u0446\u0430","item":"https:\/\/ids.by\/es\/"},{"@type":"ListItem","position":2,"name":"Laboratorio de pruebas acreditado"}]},{"@type":"WebSite","@id":"https:\/\/ids.by\/es\/#website","url":"https:\/\/ids.by\/es\/","name":"Centro de Sistemas de Identificaci\u00f3n","description":"","potentialAction":[{"@type":"SearchAction","target":{"@type":"EntryPoint","urlTemplate":"https:\/\/ids.by\/es\/?s={search_term_string}"},"query-input":{"@type":"PropertyValueSpecification","valueRequired":true,"valueName":"search_term_string"}}],"inLanguage":"es-ES"}]}},"_links":{"self":[{"href":"https:\/\/ids.by\/es\/wp-json\/wp\/v2\/pages\/15401","targetHints":{"allow":["GET"]}}],"collection":[{"href":"https:\/\/ids.by\/es\/wp-json\/wp\/v2\/pages"}],"about":[{"href":"https:\/\/ids.by\/es\/wp-json\/wp\/v2\/types\/page"}],"author":[{"embeddable":true,"href":"https:\/\/ids.by\/es\/wp-json\/wp\/v2\/users\/1"}],"replies":[{"embeddable":true,"href":"https:\/\/ids.by\/es\/wp-json\/wp\/v2\/comments?post=15401"}],"version-history":[{"count":15,"href":"https:\/\/ids.by\/es\/wp-json\/wp\/v2\/pages\/15401\/revisions"}],"predecessor-version":[{"id":16241,"href":"https:\/\/ids.by\/es\/wp-json\/wp\/v2\/pages\/15401\/revisions\/16241"}],"wp:attachment":[{"href":"https:\/\/ids.by\/es\/wp-json\/wp\/v2\/media?parent=15401"}],"curies":[{"name":"wp","href":"https:\/\/api.w.org\/{rel}","templated":true}]}}