{"id":15389,"date":"2023-09-22T10:29:44","date_gmt":"2023-09-22T07:29:44","guid":{"rendered":"http:\/\/ids.by\/en\/?page_id=15389"},"modified":"2024-09-26T10:11:03","modified_gmt":"2024-09-26T07:11:03","slug":"normalizacion","status":"publish","type":"page","link":"https:\/\/ids.by\/es\/normalizacion\/","title":{"rendered":"Normalizaci\u00f3n"},"content":{"rendered":"\t\t<div data-elementor-type=\"wp-page\" data-elementor-id=\"15389\" class=\"elementor elementor-15389\">\n\t\t\t\t\t\t<section data-particle_enable=\"false\" data-particle-mobile-disabled=\"false\" class=\"elementor-section elementor-top-section elementor-element elementor-element-a372f63 elementor-section-full_width pix-container-boxed-no elementor-section-height-default elementor-section-height-default\" data-id=\"a372f63\" data-element_type=\"section\" data-e-type=\"section\">\n\t\t\t\t\t\t<div class=\"elementor-container elementor-column-gap-default\">\n\t\t\t\t\t<div class=\"elementor-column elementor-col-100 elementor-top-column elementor-element elementor-element-4e01446\" data-id=\"4e01446\" data-element_type=\"column\" data-e-type=\"column\">\n\t\t\t<div class=\"elementor-widget-wrap elementor-element-populated\">\n\t\t\t\t\t\t<div class=\"elementor-element elementor-element-b4dd114 elementor-widget elementor-widget-text-editor\" data-id=\"b4dd114\" data-element_type=\"widget\" data-e-type=\"widget\" data-widget_type=\"text-editor.default\">\n\t\t\t\t<div class=\"elementor-widget-container\">\n\t\t\t\t\t\t\t\t\t<p>Mediante la Orden del Comit\u00e9 Estatal de Normalizaci\u00f3n de la Rep\u00fablica de Bielorrusia de 20.06.2008 \u2116 124 (modificada por la Orden de 28.01.2021 \u2116 20) sobre la base de la Empresa Estatal &#8220;Centro de Sistemas de Identificaci\u00f3n&#8221; se cre\u00f3 un comit\u00e9 t\u00e9cnico de normalizaci\u00f3n TC BY 24 &#8220;Identificaci\u00f3n&#8221; (en adelante &#8211; TC BY 24).<\/p><p>El objetivo de la creaci\u00f3n del TC BY 24 es la elaboraci\u00f3n de c\u00f3digos t\u00e9cnicos de pr\u00e1cticas establecidas, normas estatales de la Rep\u00fablica de Bielorrusia, normas interestatales (si la elaboraci\u00f3n de normas interestatales la lleva a cabo la Rep\u00fablica de Bielorrusia) (en lo sucesivo, normas), as\u00ed como otros trabajos de normalizaci\u00f3n en el \u00e1mbito de la identificaci\u00f3n autom\u00e1tica (codificaci\u00f3n por guiones, identificaci\u00f3n por radiofrecuencia) y el intercambio electr\u00f3nico de datos (transacciones comerciales electr\u00f3nicas, comercio electr\u00f3nico).<\/p><p><strong>Tareas del TC BY 24:<\/strong><\/p><ul><li>Consideraci\u00f3n y desarrollo de propuestas dirigidas a implementar una pol\u00edtica cient\u00edfica y t\u00e9cnica unificada sobre normalizaci\u00f3n en el campo del TC BY 24 y campos relacionados;<\/li><li>Elaboraci\u00f3n, consideraci\u00f3n y preparaci\u00f3n para su aprobaci\u00f3n de proyectos de normas estatales de la Rep\u00fablica de Belar\u00fas, otras TNLA en el \u00e1mbito de la identificaci\u00f3n autom\u00e1tica y el intercambio electr\u00f3nico de datos, mejora de las TNLA existentes;<\/li><li>Realizaci\u00f3n de trabajos sobre normalizaci\u00f3n estatal, internacional e interestatal (regional) en el \u00e1mbito de actividad fijado del CT BY 24.<\/li><\/ul><p><br \/>La gesti\u00f3n organizativa y metodol\u00f3gica de las actividades del TC BY 24 se lleva a cabo por Gosstandart, seguimiento y coordinaci\u00f3n, informaci\u00f3n y apoyo t\u00e9cnico y apoyo de sus actividades &#8211; el Instituto Nacional de Normalizaci\u00f3n.<\/p>\t\t\t\t\t\t\t\t<\/div>\n\t\t\t\t<\/div>\n\t\t\t\t\t<\/div>\n\t\t<\/div>\n\t\t\t\t\t<\/div>\n\t\t<\/section>\n\t\t\t\t<\/div>\n\t\t","protected":false},"excerpt":{"rendered":"<p>Mediante la Orden del Comit\u00e9 Estatal de Normalizaci\u00f3n de la Rep\u00fablica de Bielorrusia de 20.06.2008 \u2116 124 (modificada por la Orden de 28.01.2021 \u2116 20) sobre la base de la Empresa Estatal &#8220;Centro de Sistemas de Identificaci\u00f3n&#8221; se cre\u00f3 un comit\u00e9 t\u00e9cnico de normalizaci\u00f3n TC BY 24 &#8220;Identificaci\u00f3n&#8221; (en adelante &#8211; TC BY 24). El [&hellip;]<\/p>\n","protected":false},"author":1,"featured_media":0,"parent":0,"menu_order":0,"comment_status":"closed","ping_status":"closed","template":"","meta":{"inline_featured_image":false,"footnotes":""},"class_list":["post-15389","page","type-page","status-publish","hentry"],"yoast_head":"<!-- This site is optimized with the Yoast SEO plugin v24.7 - https:\/\/yoast.com\/wordpress\/plugins\/seo\/ -->\n<title>Normalizaci\u00f3n - Centro de Sistemas de Identificaci\u00f3n<\/title>\n<meta name=\"robots\" content=\"index, follow, max-snippet:-1, max-image-preview:large, max-video-preview:-1\" \/>\n<link rel=\"canonical\" href=\"https:\/\/ids.by\/es\/normalizacion\/\" \/>\n<meta property=\"og:locale\" content=\"es_ES\" \/>\n<meta property=\"og:type\" content=\"article\" \/>\n<meta property=\"og:title\" content=\"Normalizaci\u00f3n - Centro de Sistemas de Identificaci\u00f3n\" \/>\n<meta property=\"og:description\" content=\"Mediante la Orden del Comit\u00e9 Estatal de Normalizaci\u00f3n de la Rep\u00fablica de Bielorrusia de 20.06.2008 \u2116 124 (modificada por la Orden de 28.01.2021 \u2116 20) sobre la base de la Empresa Estatal &#8220;Centro de Sistemas de Identificaci\u00f3n&#8221; se cre\u00f3 un comit\u00e9 t\u00e9cnico de normalizaci\u00f3n TC BY 24 &#8220;Identificaci\u00f3n&#8221; (en adelante &#8211; TC BY 24). El [&hellip;]\" \/>\n<meta property=\"og:url\" content=\"https:\/\/ids.by\/es\/normalizacion\/\" \/>\n<meta property=\"og:site_name\" content=\"Centro de Sistemas de Identificaci\u00f3n\" \/>\n<meta property=\"article:modified_time\" content=\"2024-09-26T07:11:03+00:00\" \/>\n<meta name=\"twitter:card\" content=\"summary_large_image\" \/>\n<meta name=\"twitter:label1\" content=\"Tiempo de lectura\" \/>\n\t<meta name=\"twitter:data1\" content=\"2 minutes\" \/>\n<script type=\"application\/ld+json\" class=\"yoast-schema-graph\">{\"@context\":\"https:\/\/schema.org\",\"@graph\":[{\"@type\":\"WebPage\",\"@id\":\"https:\/\/ids.by\/es\/normalizacion\/\",\"url\":\"https:\/\/ids.by\/es\/normalizacion\/\",\"name\":\"Normalizaci\u00f3n - Centro de Sistemas de Identificaci\u00f3n\",\"isPartOf\":{\"@id\":\"https:\/\/ids.by\/es\/#website\"},\"datePublished\":\"2023-09-22T07:29:44+00:00\",\"dateModified\":\"2024-09-26T07:11:03+00:00\",\"breadcrumb\":{\"@id\":\"https:\/\/ids.by\/es\/normalizacion\/#breadcrumb\"},\"inLanguage\":\"es-ES\",\"potentialAction\":[{\"@type\":\"ReadAction\",\"target\":[\"https:\/\/ids.by\/es\/normalizacion\/\"]}]},{\"@type\":\"BreadcrumbList\",\"@id\":\"https:\/\/ids.by\/es\/normalizacion\/#breadcrumb\",\"itemListElement\":[{\"@type\":\"ListItem\",\"position\":1,\"name\":\"\u0413\u043b\u0430\u0432\u043d\u0430\u044f \u0441\u0442\u0440\u0430\u043d\u0438\u0446\u0430\",\"item\":\"https:\/\/ids.by\/es\/\"},{\"@type\":\"ListItem\",\"position\":2,\"name\":\"Normalizaci\u00f3n\"}]},{\"@type\":\"WebSite\",\"@id\":\"https:\/\/ids.by\/es\/#website\",\"url\":\"https:\/\/ids.by\/es\/\",\"name\":\"Centro de Sistemas de Identificaci\u00f3n\",\"description\":\"\",\"potentialAction\":[{\"@type\":\"SearchAction\",\"target\":{\"@type\":\"EntryPoint\",\"urlTemplate\":\"https:\/\/ids.by\/es\/?s={search_term_string}\"},\"query-input\":{\"@type\":\"PropertyValueSpecification\",\"valueRequired\":true,\"valueName\":\"search_term_string\"}}],\"inLanguage\":\"es-ES\"}]}<\/script>\n<!-- \/ Yoast SEO plugin. -->","yoast_head_json":{"title":"Normalizaci\u00f3n - Centro de Sistemas de Identificaci\u00f3n","robots":{"index":"index","follow":"follow","max-snippet":"max-snippet:-1","max-image-preview":"max-image-preview:large","max-video-preview":"max-video-preview:-1"},"canonical":"https:\/\/ids.by\/es\/normalizacion\/","og_locale":"es_ES","og_type":"article","og_title":"Normalizaci\u00f3n - Centro de Sistemas de Identificaci\u00f3n","og_description":"Mediante la Orden del Comit\u00e9 Estatal de Normalizaci\u00f3n de la Rep\u00fablica de Bielorrusia de 20.06.2008 \u2116 124 (modificada por la Orden de 28.01.2021 \u2116 20) sobre la base de la Empresa Estatal &#8220;Centro de Sistemas de Identificaci\u00f3n&#8221; se cre\u00f3 un comit\u00e9 t\u00e9cnico de normalizaci\u00f3n TC BY 24 &#8220;Identificaci\u00f3n&#8221; (en adelante &#8211; TC BY 24). El [&hellip;]","og_url":"https:\/\/ids.by\/es\/normalizacion\/","og_site_name":"Centro de Sistemas de Identificaci\u00f3n","article_modified_time":"2024-09-26T07:11:03+00:00","twitter_card":"summary_large_image","twitter_misc":{"Tiempo de lectura":"2 minutes"},"schema":{"@context":"https:\/\/schema.org","@graph":[{"@type":"WebPage","@id":"https:\/\/ids.by\/es\/normalizacion\/","url":"https:\/\/ids.by\/es\/normalizacion\/","name":"Normalizaci\u00f3n - Centro de Sistemas de Identificaci\u00f3n","isPartOf":{"@id":"https:\/\/ids.by\/es\/#website"},"datePublished":"2023-09-22T07:29:44+00:00","dateModified":"2024-09-26T07:11:03+00:00","breadcrumb":{"@id":"https:\/\/ids.by\/es\/normalizacion\/#breadcrumb"},"inLanguage":"es-ES","potentialAction":[{"@type":"ReadAction","target":["https:\/\/ids.by\/es\/normalizacion\/"]}]},{"@type":"BreadcrumbList","@id":"https:\/\/ids.by\/es\/normalizacion\/#breadcrumb","itemListElement":[{"@type":"ListItem","position":1,"name":"\u0413\u043b\u0430\u0432\u043d\u0430\u044f \u0441\u0442\u0440\u0430\u043d\u0438\u0446\u0430","item":"https:\/\/ids.by\/es\/"},{"@type":"ListItem","position":2,"name":"Normalizaci\u00f3n"}]},{"@type":"WebSite","@id":"https:\/\/ids.by\/es\/#website","url":"https:\/\/ids.by\/es\/","name":"Centro de Sistemas de Identificaci\u00f3n","description":"","potentialAction":[{"@type":"SearchAction","target":{"@type":"EntryPoint","urlTemplate":"https:\/\/ids.by\/es\/?s={search_term_string}"},"query-input":{"@type":"PropertyValueSpecification","valueRequired":true,"valueName":"search_term_string"}}],"inLanguage":"es-ES"}]}},"_links":{"self":[{"href":"https:\/\/ids.by\/es\/wp-json\/wp\/v2\/pages\/15389","targetHints":{"allow":["GET"]}}],"collection":[{"href":"https:\/\/ids.by\/es\/wp-json\/wp\/v2\/pages"}],"about":[{"href":"https:\/\/ids.by\/es\/wp-json\/wp\/v2\/types\/page"}],"author":[{"embeddable":true,"href":"https:\/\/ids.by\/es\/wp-json\/wp\/v2\/users\/1"}],"replies":[{"embeddable":true,"href":"https:\/\/ids.by\/es\/wp-json\/wp\/v2\/comments?post=15389"}],"version-history":[{"count":9,"href":"https:\/\/ids.by\/es\/wp-json\/wp\/v2\/pages\/15389\/revisions"}],"predecessor-version":[{"id":16209,"href":"https:\/\/ids.by\/es\/wp-json\/wp\/v2\/pages\/15389\/revisions\/16209"}],"wp:attachment":[{"href":"https:\/\/ids.by\/es\/wp-json\/wp\/v2\/media?parent=15389"}],"curies":[{"name":"wp","href":"https:\/\/api.w.org\/{rel}","templated":true}]}}