{"id":15355,"date":"2023-09-21T21:42:24","date_gmt":"2023-09-21T18:42:24","guid":{"rendered":"http:\/\/ids.by\/en\/?page_id=15355"},"modified":"2024-08-23T16:18:43","modified_gmt":"2024-08-23T13:18:43","slug":"busqueda-de-socios","status":"publish","type":"page","link":"https:\/\/ids.by\/es\/busqueda-de-socios\/","title":{"rendered":"B\u00fasqueda de socios"},"content":{"rendered":"\t\t<div data-elementor-type=\"wp-page\" data-elementor-id=\"15355\" class=\"elementor elementor-15355\">\n\t\t\t\t\t\t<section data-particle_enable=\"false\" data-particle-mobile-disabled=\"false\" class=\"elementor-section elementor-top-section elementor-element elementor-element-633ade7 elementor-section-full_width pix-container-boxed-no elementor-section-height-default elementor-section-height-default\" data-id=\"633ade7\" data-element_type=\"section\" data-e-type=\"section\">\n\t\t\t\t\t\t<div class=\"elementor-container elementor-column-gap-default\">\n\t\t\t\t\t<div class=\"elementor-column elementor-col-100 elementor-top-column elementor-element elementor-element-2fb37ab\" data-id=\"2fb37ab\" data-element_type=\"column\" data-e-type=\"column\">\n\t\t\t<div class=\"elementor-widget-wrap elementor-element-populated\">\n\t\t\t\t\t\t<div class=\"elementor-element elementor-element-1322235 elementor-widget elementor-widget-text-editor\" data-id=\"1322235\" data-element_type=\"widget\" data-e-type=\"widget\" data-widget_type=\"text-editor.default\">\n\t\t\t\t<div class=\"elementor-widget-container\">\n\t\t\t\t\t\t\t\t\t<p><strong>El Centro de Sistemas de Identificaci\u00f3n est\u00e1 interesado en llevar a cabo empresas conjuntas con las principales organizaciones europeas de investigaci\u00f3n y expertos internacionales en las siguientes \u00e1reas:<\/strong><\/p><ul><li>Elaboraci\u00f3n de informes anal\u00edticos y estudios cient\u00edficos, evaluaci\u00f3n del mercado de las tecnolog\u00edas de identificaci\u00f3n autom\u00e1tica con la participaci\u00f3n de los principales expertos internacionales;<\/li><li>Desarrollo de registros y bases de datos sincronizados con los registros europeos (dep\u00f3sito de productos registrados en GS1, sincronizaci\u00f3n con clasificadores internacionales, etc.), as\u00ed como el desarrollo de directrices nacionales para la simplificaci\u00f3n de los procedimientos comerciales de acuerdo con los requisitos y est\u00e1ndares internacionales;<\/li><li>Apoyo a la investigaci\u00f3n en IoT, IA, Blockchain y otras \u00e1reas relevantes para la competencia del Centro;<\/li><li>Ejecuci\u00f3n de proyectos conjuntos centrados en:<br \/>&#8211; la facilitaci\u00f3n de los procedimientos comerciales en el comercio mutuo;<br \/>&#8211; implementaci\u00f3n de sistemas de informaci\u00f3n para la identificaci\u00f3n, trazabilidad y bienestar veterinario de los animales de granja cumpliendo con la legislaci\u00f3n internacional y nacional;<br \/>&#8211; aplicaci\u00f3n de tecnolog\u00edas de WEB sem\u00e1ntica, EPCIS\/CBV, DLT\/Blockchain, Internet de las Cosas (IoT), Inteligencia Artificial para el desarrollo e implementaci\u00f3n de plataformas de comercio electr\u00f3nico.<\/li><\/ul><p><strong><br \/>Contactos:<\/strong><br \/>Departamento de Colaboraci\u00f3n Internacional<br \/>Tel. +375 17 373-30-80<br \/><strong>E-mail: <a href=\"mailto:info@ids.by\">info@ids.by<\/a><\/strong><\/p>\t\t\t\t\t\t\t\t<\/div>\n\t\t\t\t<\/div>\n\t\t\t\t\t<\/div>\n\t\t<\/div>\n\t\t\t\t\t<\/div>\n\t\t<\/section>\n\t\t\t\t<\/div>\n\t\t","protected":false},"excerpt":{"rendered":"<p>El Centro de Sistemas de Identificaci\u00f3n est\u00e1 interesado en llevar a cabo empresas conjuntas con las principales organizaciones europeas de investigaci\u00f3n y expertos internacionales en las siguientes \u00e1reas: Elaboraci\u00f3n de informes anal\u00edticos y estudios cient\u00edficos, evaluaci\u00f3n del mercado de las tecnolog\u00edas de identificaci\u00f3n autom\u00e1tica con la participaci\u00f3n de los principales expertos internacionales; Desarrollo de registros [&hellip;]<\/p>\n","protected":false},"author":1,"featured_media":0,"parent":0,"menu_order":0,"comment_status":"closed","ping_status":"closed","template":"","meta":{"inline_featured_image":false,"footnotes":""},"class_list":["post-15355","page","type-page","status-publish","hentry"],"yoast_head":"<!-- This site is optimized with the Yoast SEO plugin v24.7 - https:\/\/yoast.com\/wordpress\/plugins\/seo\/ -->\n<title>B\u00fasqueda de socios - Centro de Sistemas de Identificaci\u00f3n<\/title>\n<meta name=\"robots\" content=\"index, follow, max-snippet:-1, max-image-preview:large, max-video-preview:-1\" \/>\n<link rel=\"canonical\" href=\"https:\/\/ids.by\/es\/busqueda-de-socios\/\" \/>\n<meta property=\"og:locale\" content=\"es_ES\" \/>\n<meta property=\"og:type\" content=\"article\" \/>\n<meta property=\"og:title\" content=\"B\u00fasqueda de socios - Centro de Sistemas de Identificaci\u00f3n\" \/>\n<meta property=\"og:description\" content=\"El Centro de Sistemas de Identificaci\u00f3n est\u00e1 interesado en llevar a cabo empresas conjuntas con las principales organizaciones europeas de investigaci\u00f3n y expertos internacionales en las siguientes \u00e1reas: Elaboraci\u00f3n de informes anal\u00edticos y estudios cient\u00edficos, evaluaci\u00f3n del mercado de las tecnolog\u00edas de identificaci\u00f3n autom\u00e1tica con la participaci\u00f3n de los principales expertos internacionales; Desarrollo de registros [&hellip;]\" \/>\n<meta property=\"og:url\" content=\"https:\/\/ids.by\/es\/busqueda-de-socios\/\" \/>\n<meta property=\"og:site_name\" content=\"Centro de Sistemas de Identificaci\u00f3n\" \/>\n<meta property=\"article:modified_time\" content=\"2024-08-23T13:18:43+00:00\" \/>\n<meta name=\"twitter:card\" content=\"summary_large_image\" \/>\n<meta name=\"twitter:label1\" content=\"Tiempo de lectura\" \/>\n\t<meta name=\"twitter:data1\" content=\"1 minute\" \/>\n<script type=\"application\/ld+json\" class=\"yoast-schema-graph\">{\"@context\":\"https:\/\/schema.org\",\"@graph\":[{\"@type\":\"WebPage\",\"@id\":\"https:\/\/ids.by\/es\/busqueda-de-socios\/\",\"url\":\"https:\/\/ids.by\/es\/busqueda-de-socios\/\",\"name\":\"B\u00fasqueda de socios - Centro de Sistemas de Identificaci\u00f3n\",\"isPartOf\":{\"@id\":\"https:\/\/ids.by\/es\/#website\"},\"datePublished\":\"2023-09-21T18:42:24+00:00\",\"dateModified\":\"2024-08-23T13:18:43+00:00\",\"breadcrumb\":{\"@id\":\"https:\/\/ids.by\/es\/busqueda-de-socios\/#breadcrumb\"},\"inLanguage\":\"es-ES\",\"potentialAction\":[{\"@type\":\"ReadAction\",\"target\":[\"https:\/\/ids.by\/es\/busqueda-de-socios\/\"]}]},{\"@type\":\"BreadcrumbList\",\"@id\":\"https:\/\/ids.by\/es\/busqueda-de-socios\/#breadcrumb\",\"itemListElement\":[{\"@type\":\"ListItem\",\"position\":1,\"name\":\"\u0413\u043b\u0430\u0432\u043d\u0430\u044f \u0441\u0442\u0440\u0430\u043d\u0438\u0446\u0430\",\"item\":\"https:\/\/ids.by\/es\/\"},{\"@type\":\"ListItem\",\"position\":2,\"name\":\"B\u00fasqueda de socios\"}]},{\"@type\":\"WebSite\",\"@id\":\"https:\/\/ids.by\/es\/#website\",\"url\":\"https:\/\/ids.by\/es\/\",\"name\":\"Centro de Sistemas de Identificaci\u00f3n\",\"description\":\"\",\"potentialAction\":[{\"@type\":\"SearchAction\",\"target\":{\"@type\":\"EntryPoint\",\"urlTemplate\":\"https:\/\/ids.by\/es\/?s={search_term_string}\"},\"query-input\":{\"@type\":\"PropertyValueSpecification\",\"valueRequired\":true,\"valueName\":\"search_term_string\"}}],\"inLanguage\":\"es-ES\"}]}<\/script>\n<!-- \/ Yoast SEO plugin. -->","yoast_head_json":{"title":"B\u00fasqueda de socios - Centro de Sistemas de Identificaci\u00f3n","robots":{"index":"index","follow":"follow","max-snippet":"max-snippet:-1","max-image-preview":"max-image-preview:large","max-video-preview":"max-video-preview:-1"},"canonical":"https:\/\/ids.by\/es\/busqueda-de-socios\/","og_locale":"es_ES","og_type":"article","og_title":"B\u00fasqueda de socios - Centro de Sistemas de Identificaci\u00f3n","og_description":"El Centro de Sistemas de Identificaci\u00f3n est\u00e1 interesado en llevar a cabo empresas conjuntas con las principales organizaciones europeas de investigaci\u00f3n y expertos internacionales en las siguientes \u00e1reas: Elaboraci\u00f3n de informes anal\u00edticos y estudios cient\u00edficos, evaluaci\u00f3n del mercado de las tecnolog\u00edas de identificaci\u00f3n autom\u00e1tica con la participaci\u00f3n de los principales expertos internacionales; Desarrollo de registros [&hellip;]","og_url":"https:\/\/ids.by\/es\/busqueda-de-socios\/","og_site_name":"Centro de Sistemas de Identificaci\u00f3n","article_modified_time":"2024-08-23T13:18:43+00:00","twitter_card":"summary_large_image","twitter_misc":{"Tiempo de lectura":"1 minute"},"schema":{"@context":"https:\/\/schema.org","@graph":[{"@type":"WebPage","@id":"https:\/\/ids.by\/es\/busqueda-de-socios\/","url":"https:\/\/ids.by\/es\/busqueda-de-socios\/","name":"B\u00fasqueda de socios - Centro de Sistemas de Identificaci\u00f3n","isPartOf":{"@id":"https:\/\/ids.by\/es\/#website"},"datePublished":"2023-09-21T18:42:24+00:00","dateModified":"2024-08-23T13:18:43+00:00","breadcrumb":{"@id":"https:\/\/ids.by\/es\/busqueda-de-socios\/#breadcrumb"},"inLanguage":"es-ES","potentialAction":[{"@type":"ReadAction","target":["https:\/\/ids.by\/es\/busqueda-de-socios\/"]}]},{"@type":"BreadcrumbList","@id":"https:\/\/ids.by\/es\/busqueda-de-socios\/#breadcrumb","itemListElement":[{"@type":"ListItem","position":1,"name":"\u0413\u043b\u0430\u0432\u043d\u0430\u044f \u0441\u0442\u0440\u0430\u043d\u0438\u0446\u0430","item":"https:\/\/ids.by\/es\/"},{"@type":"ListItem","position":2,"name":"B\u00fasqueda de socios"}]},{"@type":"WebSite","@id":"https:\/\/ids.by\/es\/#website","url":"https:\/\/ids.by\/es\/","name":"Centro de Sistemas de Identificaci\u00f3n","description":"","potentialAction":[{"@type":"SearchAction","target":{"@type":"EntryPoint","urlTemplate":"https:\/\/ids.by\/es\/?s={search_term_string}"},"query-input":{"@type":"PropertyValueSpecification","valueRequired":true,"valueName":"search_term_string"}}],"inLanguage":"es-ES"}]}},"_links":{"self":[{"href":"https:\/\/ids.by\/es\/wp-json\/wp\/v2\/pages\/15355","targetHints":{"allow":["GET"]}}],"collection":[{"href":"https:\/\/ids.by\/es\/wp-json\/wp\/v2\/pages"}],"about":[{"href":"https:\/\/ids.by\/es\/wp-json\/wp\/v2\/types\/page"}],"author":[{"embeddable":true,"href":"https:\/\/ids.by\/es\/wp-json\/wp\/v2\/users\/1"}],"replies":[{"embeddable":true,"href":"https:\/\/ids.by\/es\/wp-json\/wp\/v2\/comments?post=15355"}],"version-history":[{"count":3,"href":"https:\/\/ids.by\/es\/wp-json\/wp\/v2\/pages\/15355\/revisions"}],"predecessor-version":[{"id":16082,"href":"https:\/\/ids.by\/es\/wp-json\/wp\/v2\/pages\/15355\/revisions\/16082"}],"wp:attachment":[{"href":"https:\/\/ids.by\/es\/wp-json\/wp\/v2\/media?parent=15355"}],"curies":[{"name":"wp","href":"https:\/\/api.w.org\/{rel}","templated":true}]}}