{"id":15315,"date":"2023-09-21T21:20:46","date_gmt":"2023-09-21T18:20:46","guid":{"rendered":"http:\/\/ids.by\/en\/?page_id=15315"},"modified":"2024-09-26T09:58:50","modified_gmt":"2024-09-26T06:58:50","slug":"banco-de-pasaportes-electronicos-de-mercancias-epass","status":"publish","type":"page","link":"https:\/\/ids.by\/es\/banco-de-pasaportes-electronicos-de-mercancias-epass\/","title":{"rendered":"Banco de pasaportes electr\u00f3nicos de mercanc\u00edas (ePass)"},"content":{"rendered":"\t\t<div data-elementor-type=\"wp-page\" data-elementor-id=\"15315\" class=\"elementor elementor-15315\">\n\t\t\t\t\t\t<section data-particle_enable=\"false\" data-particle-mobile-disabled=\"false\" class=\"elementor-section elementor-top-section elementor-element elementor-element-a425841 elementor-section-full_width pix-container-boxed-no elementor-section-height-default elementor-section-height-default\" data-id=\"a425841\" data-element_type=\"section\" data-e-type=\"section\">\n\t\t\t\t\t\t<div class=\"elementor-container elementor-column-gap-default\">\n\t\t\t\t\t<div class=\"elementor-column elementor-col-100 elementor-top-column elementor-element elementor-element-febd9d7\" data-id=\"febd9d7\" data-element_type=\"column\" data-e-type=\"column\">\n\t\t\t<div class=\"elementor-widget-wrap elementor-element-populated\">\n\t\t\t\t\t\t<div class=\"elementor-element elementor-element-39babac elementor-widget elementor-widget-image\" data-id=\"39babac\" data-element_type=\"widget\" data-e-type=\"widget\" data-widget_type=\"image.default\">\n\t\t\t\t<div class=\"elementor-widget-container\">\n\t\t\t\t\t\t\t\t\t\t\t\t\t\t\t<img fetchpriority=\"high\" decoding=\"async\" width=\"2743\" height=\"1624\" src=\"https:\/\/ids.by\/es\/wp-content\/uploads\/sites\/5\/2024\/03\/epass2.png\" class=\"attachment-full size-full wp-image-15954\" alt=\"\" srcset=\"https:\/\/ids.by\/es\/wp-content\/uploads\/sites\/5\/2024\/03\/epass2.png 2743w, https:\/\/ids.by\/es\/wp-content\/uploads\/sites\/5\/2024\/03\/epass2-300x178.png 300w, https:\/\/ids.by\/es\/wp-content\/uploads\/sites\/5\/2024\/03\/epass2-1024x606.png 1024w, https:\/\/ids.by\/es\/wp-content\/uploads\/sites\/5\/2024\/03\/epass2-768x455.png 768w, https:\/\/ids.by\/es\/wp-content\/uploads\/sites\/5\/2024\/03\/epass2-1536x909.png 1536w, https:\/\/ids.by\/es\/wp-content\/uploads\/sites\/5\/2024\/03\/epass2-2048x1213.png 2048w, https:\/\/ids.by\/es\/wp-content\/uploads\/sites\/5\/2024\/03\/epass2-650x385.png 650w, https:\/\/ids.by\/es\/wp-content\/uploads\/sites\/5\/2024\/03\/epass2-1300x770.png 1300w, https:\/\/ids.by\/es\/wp-content\/uploads\/sites\/5\/2024\/03\/epass2-433x256.png 433w\" sizes=\"(max-width: 2743px) 100vw, 2743px\" \/>\t\t\t\t\t\t\t\t\t\t\t\t\t\t\t<\/div>\n\t\t\t\t<\/div>\n\t\t\t\t\t<\/div>\n\t\t<\/div>\n\t\t\t\t\t<\/div>\n\t\t<\/section>\n\t\t\t\t<section data-particle_enable=\"false\" data-particle-mobile-disabled=\"false\" class=\"elementor-section elementor-top-section elementor-element elementor-element-633ade7 elementor-section-full_width pix-container-boxed-no elementor-section-height-default elementor-section-height-default\" data-id=\"633ade7\" data-element_type=\"section\" data-e-type=\"section\">\n\t\t\t\t\t\t<div class=\"elementor-container elementor-column-gap-default\">\n\t\t\t\t\t<div class=\"elementor-column elementor-col-100 elementor-top-column elementor-element elementor-element-2fb37ab\" data-id=\"2fb37ab\" data-element_type=\"column\" data-e-type=\"column\">\n\t\t\t<div class=\"elementor-widget-wrap elementor-element-populated\">\n\t\t\t\t\t\t<div class=\"elementor-element elementor-element-1322235 elementor-widget elementor-widget-text-editor\" data-id=\"1322235\" data-element_type=\"widget\" data-e-type=\"widget\" data-widget_type=\"text-editor.default\">\n\t\t\t\t<div class=\"elementor-widget-container\">\n\t\t\t\t\t\t\t\t\t<p><strong>Banco de pasaportes electr\u00f3nicos de mercanc\u00edas (ePass)<\/strong> &#8211;\u00a0es un sistema de informaci\u00f3n integrado creado para armonizar los procedimientos existentes en Belar\u00fas en comercio, transporte y log\u00edstica de acuerdo con las normas y est\u00e1ndares internacionales.<\/p><ul><li>contiene descripciones de productos en un formato que cumple con los est\u00e1ndares internacionales de comercio electr\u00f3nico;<\/li><li>es una fuente de informaci\u00f3n fiable sobre bienes de fabricantes y proveedores;<\/li><li>crea condiciones para reducir la lista de documentos que acompa\u00f1an a las mercanc\u00edas a los puntos de venta;<\/li><li>contribuye a la aceleraci\u00f3n de los flujos de productos b\u00e1sicos en las cadenas de suministro y aumenta su transparencia mediante el uso de la gesti\u00f3n de documentos electr\u00f3nicos.<\/li><\/ul><p><br \/>Las \u00e1reas de aplicaci\u00f3n de ePass son comercio, suministro de materias primas y productos, an\u00e1lisis de mercado, log\u00edstica, control de movimiento de mercanc\u00edas, calidad y seguridad de las mercanc\u00edas.<\/p><p>La introducci\u00f3n de ePass es relevante para los fabricantes de bienes y servicios, empresas de comercio y log\u00edstica, organiza-ciones reguladoras y consumidores de la Rep\u00fablica de Belar\u00fas.<\/p><p>En el marco del sistema, se implementa el recurso de informaci\u00f3n epass.by, que describe las mercanc\u00edas de acuerdo con los est\u00e1ndares internacionales, lo que permite generar mensajes electr\u00f3nicos e intercambiarlos entre los sujetos de las operaciones de comercio y transporte.<\/p><p>Las descripciones de los productos provienen de fuentes primarias (fabricantes e importadores). Adem\u00e1s, las descripcio-nes se transfieren a los participantes en las cadenas de suministro para su uso en sistemas de automatizaci\u00f3n de procesos comercia-les. <br \/><br \/><strong>Este algoritmo de recopilaci\u00f3n de informaci\u00f3n le permite:<\/strong><\/p><ul><li>eliminar el costo de la entrada manual m\u00faltiple de datos de productos en los sistemas de informaci\u00f3n;<\/li><li>eliminar errores y garantizar la uniformidad de la informaci\u00f3n sobre el producto a lo largo de la cadena de suministro;<\/li><li>controlar autom\u00e1ticamente y proporcionar a los consumi-dores informaci\u00f3n sobre los documentos que confirman la calidad y la seguridad de los productos.<\/li><\/ul>\t\t\t\t\t\t\t\t<\/div>\n\t\t\t\t<\/div>\n\t\t\t\t\t<\/div>\n\t\t<\/div>\n\t\t\t\t\t<\/div>\n\t\t<\/section>\n\t\t\t\t<section data-particle_enable=\"false\" data-particle-mobile-disabled=\"false\" class=\"elementor-section elementor-top-section elementor-element elementor-element-11f3cfc elementor-section-full_width pix-container-boxed-no elementor-section-height-default elementor-section-height-default\" data-id=\"11f3cfc\" data-element_type=\"section\" data-e-type=\"section\">\n\t\t\t\t\t\t<div class=\"elementor-container elementor-column-gap-default\">\n\t\t\t\t\t<div class=\"elementor-column elementor-col-100 elementor-top-column elementor-element elementor-element-d0720f4\" data-id=\"d0720f4\" data-element_type=\"column\" data-e-type=\"column\">\n\t\t\t<div class=\"elementor-widget-wrap elementor-element-populated\">\n\t\t\t\t\t\t<div class=\"elementor-element elementor-element-39e619f elementor-widget elementor-widget-image\" data-id=\"39e619f\" data-element_type=\"widget\" data-e-type=\"widget\" data-widget_type=\"image.default\">\n\t\t\t\t<div class=\"elementor-widget-container\">\n\t\t\t\t\t\t\t\t\t\t\t\t\t\t\t<img decoding=\"async\" width=\"4336\" height=\"1733\" src=\"https:\/\/ids.by\/es\/wp-content\/uploads\/sites\/5\/2024\/03\/epass.png\" class=\"attachment-full size-full wp-image-15950\" alt=\"\" srcset=\"https:\/\/ids.by\/es\/wp-content\/uploads\/sites\/5\/2024\/03\/epass.png 4336w, https:\/\/ids.by\/es\/wp-content\/uploads\/sites\/5\/2024\/03\/epass-300x120.png 300w, https:\/\/ids.by\/es\/wp-content\/uploads\/sites\/5\/2024\/03\/epass-1024x409.png 1024w, https:\/\/ids.by\/es\/wp-content\/uploads\/sites\/5\/2024\/03\/epass-768x307.png 768w, https:\/\/ids.by\/es\/wp-content\/uploads\/sites\/5\/2024\/03\/epass-1536x614.png 1536w, https:\/\/ids.by\/es\/wp-content\/uploads\/sites\/5\/2024\/03\/epass-2048x819.png 2048w, https:\/\/ids.by\/es\/wp-content\/uploads\/sites\/5\/2024\/03\/epass-650x260.png 650w, https:\/\/ids.by\/es\/wp-content\/uploads\/sites\/5\/2024\/03\/epass-1300x520.png 1300w, https:\/\/ids.by\/es\/wp-content\/uploads\/sites\/5\/2024\/03\/epass-433x173.png 433w\" sizes=\"(max-width: 4336px) 100vw, 4336px\" \/>\t\t\t\t\t\t\t\t\t\t\t\t\t\t\t<\/div>\n\t\t\t\t<\/div>\n\t\t\t\t\t<\/div>\n\t\t<\/div>\n\t\t\t\t\t<\/div>\n\t\t<\/section>\n\t\t\t\t<section data-particle_enable=\"false\" data-particle-mobile-disabled=\"false\" class=\"elementor-section elementor-top-section elementor-element elementor-element-4b3fd8f pix-container-boxed-no elementor-section-boxed elementor-section-height-default elementor-section-height-default\" data-id=\"4b3fd8f\" data-element_type=\"section\" data-e-type=\"section\">\n\t\t\t\t\t\t<div class=\"elementor-container elementor-column-gap-default\">\n\t\t\t\t\t<div class=\"elementor-column elementor-col-100 elementor-top-column elementor-element elementor-element-d5248e9\" data-id=\"d5248e9\" data-element_type=\"column\" data-e-type=\"column\">\n\t\t\t<div class=\"elementor-widget-wrap elementor-element-populated\">\n\t\t\t\t\t\t<div class=\"elementor-element elementor-element-9e93256 elementor-widget elementor-widget-image\" data-id=\"9e93256\" data-element_type=\"widget\" data-e-type=\"widget\" data-widget_type=\"image.default\">\n\t\t\t\t<div class=\"elementor-widget-container\">\n\t\t\t\t\t\t\t\t\t\t\t\t\t\t\t<img decoding=\"async\" src=\"http:\/\/ids.by\/en\/wp-content\/uploads\/sites\/4\/2023\/08\/u14.png\" title=\"\" alt=\"\" loading=\"lazy\" \/>\t\t\t\t\t\t\t\t\t\t\t\t\t\t\t<\/div>\n\t\t\t\t<\/div>\n\t\t\t\t\t<\/div>\n\t\t<\/div>\n\t\t\t\t\t<\/div>\n\t\t<\/section>\n\t\t\t\t<\/div>\n\t\t","protected":false},"excerpt":{"rendered":"<p>Banco de pasaportes electr\u00f3nicos de mercanc\u00edas (ePass) &#8211;\u00a0es un sistema de informaci\u00f3n integrado creado para armonizar los procedimientos existentes en Belar\u00fas en comercio, transporte y log\u00edstica de acuerdo con las normas y est\u00e1ndares internacionales. contiene descripciones de productos en un formato que cumple con los est\u00e1ndares internacionales de comercio electr\u00f3nico; es una fuente de informaci\u00f3n [&hellip;]<\/p>\n","protected":false},"author":1,"featured_media":0,"parent":0,"menu_order":0,"comment_status":"closed","ping_status":"closed","template":"","meta":{"inline_featured_image":false,"footnotes":""},"class_list":["post-15315","page","type-page","status-publish","hentry"],"yoast_head":"<!-- This site is optimized with the Yoast SEO plugin v24.7 - https:\/\/yoast.com\/wordpress\/plugins\/seo\/ -->\n<title>Banco de pasaportes electr\u00f3nicos de mercanc\u00edas (ePass) - Centro de Sistemas de Identificaci\u00f3n<\/title>\n<meta name=\"robots\" content=\"index, follow, max-snippet:-1, max-image-preview:large, max-video-preview:-1\" \/>\n<link rel=\"canonical\" href=\"https:\/\/ids.by\/es\/banco-de-pasaportes-electronicos-de-mercancias-epass\/\" \/>\n<meta property=\"og:locale\" content=\"es_ES\" \/>\n<meta property=\"og:type\" content=\"article\" \/>\n<meta property=\"og:title\" content=\"Banco de pasaportes electr\u00f3nicos de mercanc\u00edas (ePass) - Centro de Sistemas de Identificaci\u00f3n\" \/>\n<meta property=\"og:description\" content=\"Banco de pasaportes electr\u00f3nicos de mercanc\u00edas (ePass) &#8211;\u00a0es un sistema de informaci\u00f3n integrado creado para armonizar los procedimientos existentes en Belar\u00fas en comercio, transporte y log\u00edstica de acuerdo con las normas y est\u00e1ndares internacionales. contiene descripciones de productos en un formato que cumple con los est\u00e1ndares internacionales de comercio electr\u00f3nico; es una fuente de informaci\u00f3n [&hellip;]\" \/>\n<meta property=\"og:url\" content=\"https:\/\/ids.by\/es\/banco-de-pasaportes-electronicos-de-mercancias-epass\/\" \/>\n<meta property=\"og:site_name\" content=\"Centro de Sistemas de Identificaci\u00f3n\" \/>\n<meta property=\"article:modified_time\" content=\"2024-09-26T06:58:50+00:00\" \/>\n<meta property=\"og:image\" content=\"https:\/\/ids.by\/es\/wp-content\/uploads\/sites\/5\/2024\/03\/epass2.png\" \/>\n<meta name=\"twitter:card\" content=\"summary_large_image\" \/>\n<meta name=\"twitter:label1\" content=\"Tiempo de lectura\" \/>\n\t<meta name=\"twitter:data1\" content=\"2 minutes\" \/>\n<script type=\"application\/ld+json\" class=\"yoast-schema-graph\">{\"@context\":\"https:\/\/schema.org\",\"@graph\":[{\"@type\":\"WebPage\",\"@id\":\"https:\/\/ids.by\/es\/banco-de-pasaportes-electronicos-de-mercancias-epass\/\",\"url\":\"https:\/\/ids.by\/es\/banco-de-pasaportes-electronicos-de-mercancias-epass\/\",\"name\":\"Banco de pasaportes electr\u00f3nicos de mercanc\u00edas (ePass) - Centro de Sistemas de Identificaci\u00f3n\",\"isPartOf\":{\"@id\":\"https:\/\/ids.by\/es\/#website\"},\"primaryImageOfPage\":{\"@id\":\"https:\/\/ids.by\/es\/banco-de-pasaportes-electronicos-de-mercancias-epass\/#primaryimage\"},\"image\":{\"@id\":\"https:\/\/ids.by\/es\/banco-de-pasaportes-electronicos-de-mercancias-epass\/#primaryimage\"},\"thumbnailUrl\":\"https:\/\/ids.by\/es\/wp-content\/uploads\/sites\/5\/2024\/03\/epass2.png\",\"datePublished\":\"2023-09-21T18:20:46+00:00\",\"dateModified\":\"2024-09-26T06:58:50+00:00\",\"breadcrumb\":{\"@id\":\"https:\/\/ids.by\/es\/banco-de-pasaportes-electronicos-de-mercancias-epass\/#breadcrumb\"},\"inLanguage\":\"es-ES\",\"potentialAction\":[{\"@type\":\"ReadAction\",\"target\":[\"https:\/\/ids.by\/es\/banco-de-pasaportes-electronicos-de-mercancias-epass\/\"]}]},{\"@type\":\"ImageObject\",\"inLanguage\":\"es-ES\",\"@id\":\"https:\/\/ids.by\/es\/banco-de-pasaportes-electronicos-de-mercancias-epass\/#primaryimage\",\"url\":\"https:\/\/ids.by\/es\/wp-content\/uploads\/sites\/5\/2024\/03\/epass2.png\",\"contentUrl\":\"https:\/\/ids.by\/es\/wp-content\/uploads\/sites\/5\/2024\/03\/epass2.png\",\"width\":2743,\"height\":1624},{\"@type\":\"BreadcrumbList\",\"@id\":\"https:\/\/ids.by\/es\/banco-de-pasaportes-electronicos-de-mercancias-epass\/#breadcrumb\",\"itemListElement\":[{\"@type\":\"ListItem\",\"position\":1,\"name\":\"\u0413\u043b\u0430\u0432\u043d\u0430\u044f \u0441\u0442\u0440\u0430\u043d\u0438\u0446\u0430\",\"item\":\"https:\/\/ids.by\/es\/\"},{\"@type\":\"ListItem\",\"position\":2,\"name\":\"Banco de pasaportes electr\u00f3nicos de mercanc\u00edas (ePass)\"}]},{\"@type\":\"WebSite\",\"@id\":\"https:\/\/ids.by\/es\/#website\",\"url\":\"https:\/\/ids.by\/es\/\",\"name\":\"Centro de Sistemas de Identificaci\u00f3n\",\"description\":\"\",\"potentialAction\":[{\"@type\":\"SearchAction\",\"target\":{\"@type\":\"EntryPoint\",\"urlTemplate\":\"https:\/\/ids.by\/es\/?s={search_term_string}\"},\"query-input\":{\"@type\":\"PropertyValueSpecification\",\"valueRequired\":true,\"valueName\":\"search_term_string\"}}],\"inLanguage\":\"es-ES\"}]}<\/script>\n<!-- \/ Yoast SEO plugin. -->","yoast_head_json":{"title":"Banco de pasaportes electr\u00f3nicos de mercanc\u00edas (ePass) - Centro de Sistemas de Identificaci\u00f3n","robots":{"index":"index","follow":"follow","max-snippet":"max-snippet:-1","max-image-preview":"max-image-preview:large","max-video-preview":"max-video-preview:-1"},"canonical":"https:\/\/ids.by\/es\/banco-de-pasaportes-electronicos-de-mercancias-epass\/","og_locale":"es_ES","og_type":"article","og_title":"Banco de pasaportes electr\u00f3nicos de mercanc\u00edas (ePass) - Centro de Sistemas de Identificaci\u00f3n","og_description":"Banco de pasaportes electr\u00f3nicos de mercanc\u00edas (ePass) &#8211;\u00a0es un sistema de informaci\u00f3n integrado creado para armonizar los procedimientos existentes en Belar\u00fas en comercio, transporte y log\u00edstica de acuerdo con las normas y est\u00e1ndares internacionales. contiene descripciones de productos en un formato que cumple con los est\u00e1ndares internacionales de comercio electr\u00f3nico; es una fuente de informaci\u00f3n [&hellip;]","og_url":"https:\/\/ids.by\/es\/banco-de-pasaportes-electronicos-de-mercancias-epass\/","og_site_name":"Centro de Sistemas de Identificaci\u00f3n","article_modified_time":"2024-09-26T06:58:50+00:00","og_image":[{"url":"https:\/\/ids.by\/es\/wp-content\/uploads\/sites\/5\/2024\/03\/epass2.png","type":"","width":"","height":""}],"twitter_card":"summary_large_image","twitter_misc":{"Tiempo de lectura":"2 minutes"},"schema":{"@context":"https:\/\/schema.org","@graph":[{"@type":"WebPage","@id":"https:\/\/ids.by\/es\/banco-de-pasaportes-electronicos-de-mercancias-epass\/","url":"https:\/\/ids.by\/es\/banco-de-pasaportes-electronicos-de-mercancias-epass\/","name":"Banco de pasaportes electr\u00f3nicos de mercanc\u00edas (ePass) - Centro de Sistemas de Identificaci\u00f3n","isPartOf":{"@id":"https:\/\/ids.by\/es\/#website"},"primaryImageOfPage":{"@id":"https:\/\/ids.by\/es\/banco-de-pasaportes-electronicos-de-mercancias-epass\/#primaryimage"},"image":{"@id":"https:\/\/ids.by\/es\/banco-de-pasaportes-electronicos-de-mercancias-epass\/#primaryimage"},"thumbnailUrl":"https:\/\/ids.by\/es\/wp-content\/uploads\/sites\/5\/2024\/03\/epass2.png","datePublished":"2023-09-21T18:20:46+00:00","dateModified":"2024-09-26T06:58:50+00:00","breadcrumb":{"@id":"https:\/\/ids.by\/es\/banco-de-pasaportes-electronicos-de-mercancias-epass\/#breadcrumb"},"inLanguage":"es-ES","potentialAction":[{"@type":"ReadAction","target":["https:\/\/ids.by\/es\/banco-de-pasaportes-electronicos-de-mercancias-epass\/"]}]},{"@type":"ImageObject","inLanguage":"es-ES","@id":"https:\/\/ids.by\/es\/banco-de-pasaportes-electronicos-de-mercancias-epass\/#primaryimage","url":"https:\/\/ids.by\/es\/wp-content\/uploads\/sites\/5\/2024\/03\/epass2.png","contentUrl":"https:\/\/ids.by\/es\/wp-content\/uploads\/sites\/5\/2024\/03\/epass2.png","width":2743,"height":1624},{"@type":"BreadcrumbList","@id":"https:\/\/ids.by\/es\/banco-de-pasaportes-electronicos-de-mercancias-epass\/#breadcrumb","itemListElement":[{"@type":"ListItem","position":1,"name":"\u0413\u043b\u0430\u0432\u043d\u0430\u044f \u0441\u0442\u0440\u0430\u043d\u0438\u0446\u0430","item":"https:\/\/ids.by\/es\/"},{"@type":"ListItem","position":2,"name":"Banco de pasaportes electr\u00f3nicos de mercanc\u00edas (ePass)"}]},{"@type":"WebSite","@id":"https:\/\/ids.by\/es\/#website","url":"https:\/\/ids.by\/es\/","name":"Centro de Sistemas de Identificaci\u00f3n","description":"","potentialAction":[{"@type":"SearchAction","target":{"@type":"EntryPoint","urlTemplate":"https:\/\/ids.by\/es\/?s={search_term_string}"},"query-input":{"@type":"PropertyValueSpecification","valueRequired":true,"valueName":"search_term_string"}}],"inLanguage":"es-ES"}]}},"_links":{"self":[{"href":"https:\/\/ids.by\/es\/wp-json\/wp\/v2\/pages\/15315","targetHints":{"allow":["GET"]}}],"collection":[{"href":"https:\/\/ids.by\/es\/wp-json\/wp\/v2\/pages"}],"about":[{"href":"https:\/\/ids.by\/es\/wp-json\/wp\/v2\/types\/page"}],"author":[{"embeddable":true,"href":"https:\/\/ids.by\/es\/wp-json\/wp\/v2\/users\/1"}],"replies":[{"embeddable":true,"href":"https:\/\/ids.by\/es\/wp-json\/wp\/v2\/comments?post=15315"}],"version-history":[{"count":18,"href":"https:\/\/ids.by\/es\/wp-json\/wp\/v2\/pages\/15315\/revisions"}],"predecessor-version":[{"id":16161,"href":"https:\/\/ids.by\/es\/wp-json\/wp\/v2\/pages\/15315\/revisions\/16161"}],"wp:attachment":[{"href":"https:\/\/ids.by\/es\/wp-json\/wp\/v2\/media?parent=15315"}],"curies":[{"name":"wp","href":"https:\/\/api.w.org\/{rel}","templated":true}]}}