{"id":15308,"date":"2023-09-21T21:15:44","date_gmt":"2023-09-21T18:15:44","guid":{"rendered":"http:\/\/ids.by\/en\/?page_id=15308"},"modified":"2024-09-26T10:05:57","modified_gmt":"2024-09-26T07:05:57","slug":"sistema-estatal-de-informacion-para-la-identificacion-aits","status":"publish","type":"page","link":"https:\/\/ids.by\/es\/sistema-estatal-de-informacion-para-la-identificacion-aits\/","title":{"rendered":"Sistema de informaci\u00f3n estatal  para la identificaci\u00f3n, registro y trazabilidad de animales y  productos de origen animal (AITS)"},"content":{"rendered":"\t\t<div data-elementor-type=\"wp-page\" data-elementor-id=\"15308\" class=\"elementor elementor-15308\">\n\t\t\t\t<div data-particle_enable=\"false\" data-particle-mobile-disabled=\"false\" class=\"elementor-element elementor-element-311540e8 e-con-full e-flex e-con e-parent\" data-id=\"311540e8\" data-element_type=\"container\" data-e-type=\"container\">\n\t\t\t\t<div class=\"elementor-element elementor-element-42ee7b4e elementor-widget elementor-widget-text-editor\" data-id=\"42ee7b4e\" data-element_type=\"widget\" data-e-type=\"widget\" data-widget_type=\"text-editor.default\">\n\t\t\t\t<div class=\"elementor-widget-container\">\n\t\t\t\t\t\t\t\t\t<p><img fetchpriority=\"high\" decoding=\"async\" class=\"aligncenter wp-image-15945 size-full\" src=\"https:\/\/ids.by\/es\/wp-content\/uploads\/sites\/5\/2024\/03\/aits.png\" alt=\"\" width=\"4658\" height=\"1872\" srcset=\"https:\/\/ids.by\/es\/wp-content\/uploads\/sites\/5\/2024\/03\/aits.png 4658w, https:\/\/ids.by\/es\/wp-content\/uploads\/sites\/5\/2024\/03\/aits-300x121.png 300w, https:\/\/ids.by\/es\/wp-content\/uploads\/sites\/5\/2024\/03\/aits-1024x412.png 1024w, https:\/\/ids.by\/es\/wp-content\/uploads\/sites\/5\/2024\/03\/aits-768x309.png 768w, https:\/\/ids.by\/es\/wp-content\/uploads\/sites\/5\/2024\/03\/aits-1536x617.png 1536w, https:\/\/ids.by\/es\/wp-content\/uploads\/sites\/5\/2024\/03\/aits-2048x823.png 2048w, https:\/\/ids.by\/es\/wp-content\/uploads\/sites\/5\/2024\/03\/aits-650x261.png 650w, https:\/\/ids.by\/es\/wp-content\/uploads\/sites\/5\/2024\/03\/aits-1300x522.png 1300w, https:\/\/ids.by\/es\/wp-content\/uploads\/sites\/5\/2024\/03\/aits-433x174.png 433w\" sizes=\"(max-width: 4658px) 100vw, 4658px\" \/><\/p>\n<p><br>El sistema AITS est\u00e1 destinado a la regulaci\u00f3n y gesti\u00f3n estatal en materia de identificaci\u00f3n, registro, trazabili-dad de animales de granja (reba\u00f1os) de todas las formas de propiedad (bovinos, equinos, porcinos, caprinos, ovinos), establecimientos ganaderos, as\u00ed como la identi-ficaci\u00f3n y trazabilidad de los productos de origen animal.<\/p>\n<p>Un requisito previo para construir cadenas de suministro de alimentos confiables y seguras es la necesidad de crear reglas uniformes a nivel nacional e internacional para la identificaci\u00f3n, contabilidad y rastreabilidad de animales de granja y el desarrollo de tecnolog\u00edas de rastreabilidad para productos animales sobre esta base.<\/p>\n<p>El sistema AITS proporciona la creaci\u00f3n y mantenimiento de bases de datos y componentes funcionales para la implementaci\u00f3n de los procesos de identificaci\u00f3n y trazabilidad de productos de origen animal en la cadena &#8220;desde la granja hasta el mostrador y de regreso&#8221; seg\u00fan el principio &#8220;paso adelante &#8211; paso atr\u00e1s&#8221;.<\/p>\n<p>El sistema AITS est\u00e1 construido de acuerdo con un esquema centralizado basado en un poderoso nodo de informaci\u00f3n con herramientas de comunicaci\u00f3n apropiadas que utilizan c\u00f3digos de barras y tecnolo-g\u00edas RFID. El sistema cumple con los requisitos de las normas bielorrusas e internacionales para los sistemas de identificaci\u00f3n de animales.<\/p>\n<p>El sistema AITS proporciona trazabilidad del ciclo de vida y el estado de salud de los animales en Belar\u00fas en base a est\u00e1ndares nacionales e internacionales en el campo de la identificaci\u00f3n y registro de animales con una amplia aplicaci\u00f3n del sistema de est\u00e1ndares globales GS1.<\/p>\n<p>El n\u00facleo del sistema AITS utiliza modernos libros de referencia veterinarios y zoot\u00e9cnicos internacionales, est\u00e1ndares globales para la identificaci\u00f3n, la traza-bilidad y el intercambio electr\u00f3nico de datos, y tiene un sistema de personalizaci\u00f3n flexible.<\/p>\n<p>Esto le permite adaptarlo r\u00e1pidamente tanto para identificar diferentes animales como para tener en cuenta los cambios y diferencias en la legislaci\u00f3n, lo que garantiza una r\u00e1pida configuraci\u00f3n y aplicaci\u00f3n de este sistema en otros pa\u00edses. Gracias a esto, se forman las condiciones para la crea-ci\u00f3n de tecnolog\u00edas de informaci\u00f3n efectivas para la trazabilidad a nivel nacional, interdepartamental y corporativo.<\/p>\n<p><img decoding=\"async\" class=\"aligncenter wp-image-15947 size-full\" src=\"https:\/\/ids.by\/es\/wp-content\/uploads\/sites\/5\/2024\/03\/aits2.png\" alt=\"\" width=\"4526\" height=\"1765\" srcset=\"https:\/\/ids.by\/es\/wp-content\/uploads\/sites\/5\/2024\/03\/aits2.png 4526w, https:\/\/ids.by\/es\/wp-content\/uploads\/sites\/5\/2024\/03\/aits2-300x117.png 300w, https:\/\/ids.by\/es\/wp-content\/uploads\/sites\/5\/2024\/03\/aits2-1024x399.png 1024w, https:\/\/ids.by\/es\/wp-content\/uploads\/sites\/5\/2024\/03\/aits2-768x299.png 768w, https:\/\/ids.by\/es\/wp-content\/uploads\/sites\/5\/2024\/03\/aits2-1536x599.png 1536w, https:\/\/ids.by\/es\/wp-content\/uploads\/sites\/5\/2024\/03\/aits2-2048x799.png 2048w, https:\/\/ids.by\/es\/wp-content\/uploads\/sites\/5\/2024\/03\/aits2-650x253.png 650w, https:\/\/ids.by\/es\/wp-content\/uploads\/sites\/5\/2024\/03\/aits2-1300x507.png 1300w, https:\/\/ids.by\/es\/wp-content\/uploads\/sites\/5\/2024\/03\/aits2-433x169.png 433w\" sizes=\"(max-width: 4526px) 100vw, 4526px\" \/><\/p>\t\t\t\t\t\t\t\t<\/div>\n\t\t\t\t<\/div>\n\t\t\t\t<\/div>\n\t\t\t\t<\/div>\n\t\t","protected":false},"excerpt":{"rendered":"<p>El sistema AITS est\u00e1 destinado a la regulaci\u00f3n y gesti\u00f3n estatal en materia de identificaci\u00f3n, registro, trazabili-dad de animales de granja (reba\u00f1os) de todas las formas de propiedad (bovinos, equinos, porcinos, caprinos, ovinos), establecimientos ganaderos, as\u00ed como la identi-ficaci\u00f3n y trazabilidad de los productos de origen animal. Un requisito previo para construir cadenas de suministro [&hellip;]<\/p>\n","protected":false},"author":1,"featured_media":0,"parent":0,"menu_order":0,"comment_status":"closed","ping_status":"closed","template":"","meta":{"inline_featured_image":false,"footnotes":""},"class_list":["post-15308","page","type-page","status-publish","hentry"],"yoast_head":"<!-- This site is optimized with the Yoast SEO plugin v24.7 - https:\/\/yoast.com\/wordpress\/plugins\/seo\/ -->\n<title>Sistema de informaci\u00f3n estatal para la identificaci\u00f3n, registro y trazabilidad de animales y productos de origen animal (AITS) - Centro de Sistemas de Identificaci\u00f3n<\/title>\n<meta name=\"robots\" content=\"index, follow, max-snippet:-1, max-image-preview:large, max-video-preview:-1\" \/>\n<link rel=\"canonical\" href=\"https:\/\/ids.by\/es\/sistema-estatal-de-informacion-para-la-identificacion-aits\/\" \/>\n<meta property=\"og:locale\" content=\"es_ES\" \/>\n<meta property=\"og:type\" content=\"article\" \/>\n<meta property=\"og:title\" content=\"Sistema de informaci\u00f3n estatal para la identificaci\u00f3n, registro y trazabilidad de animales y productos de origen animal (AITS) - Centro de Sistemas de Identificaci\u00f3n\" \/>\n<meta property=\"og:description\" content=\"El sistema AITS est\u00e1 destinado a la regulaci\u00f3n y gesti\u00f3n estatal en materia de identificaci\u00f3n, registro, trazabili-dad de animales de granja (reba\u00f1os) de todas las formas de propiedad (bovinos, equinos, porcinos, caprinos, ovinos), establecimientos ganaderos, as\u00ed como la identi-ficaci\u00f3n y trazabilidad de los productos de origen animal. Un requisito previo para construir cadenas de suministro [&hellip;]\" \/>\n<meta property=\"og:url\" content=\"https:\/\/ids.by\/es\/sistema-estatal-de-informacion-para-la-identificacion-aits\/\" \/>\n<meta property=\"og:site_name\" content=\"Centro de Sistemas de Identificaci\u00f3n\" \/>\n<meta property=\"article:modified_time\" content=\"2024-09-26T07:05:57+00:00\" \/>\n<meta property=\"og:image\" content=\"https:\/\/ids.by\/es\/wp-content\/uploads\/sites\/5\/2024\/03\/aits.png\" \/>\n<meta name=\"twitter:card\" content=\"summary_large_image\" \/>\n<meta name=\"twitter:label1\" content=\"Tiempo de lectura\" \/>\n\t<meta name=\"twitter:data1\" content=\"2 minutes\" \/>\n<script type=\"application\/ld+json\" class=\"yoast-schema-graph\">{\"@context\":\"https:\/\/schema.org\",\"@graph\":[{\"@type\":\"WebPage\",\"@id\":\"https:\/\/ids.by\/es\/sistema-estatal-de-informacion-para-la-identificacion-aits\/\",\"url\":\"https:\/\/ids.by\/es\/sistema-estatal-de-informacion-para-la-identificacion-aits\/\",\"name\":\"Sistema de informaci\u00f3n estatal para la identificaci\u00f3n, registro y trazabilidad de animales y productos de origen animal (AITS) - Centro de Sistemas de Identificaci\u00f3n\",\"isPartOf\":{\"@id\":\"https:\/\/ids.by\/es\/#website\"},\"primaryImageOfPage\":{\"@id\":\"https:\/\/ids.by\/es\/sistema-estatal-de-informacion-para-la-identificacion-aits\/#primaryimage\"},\"image\":{\"@id\":\"https:\/\/ids.by\/es\/sistema-estatal-de-informacion-para-la-identificacion-aits\/#primaryimage\"},\"thumbnailUrl\":\"https:\/\/ids.by\/es\/wp-content\/uploads\/sites\/5\/2024\/03\/aits.png\",\"datePublished\":\"2023-09-21T18:15:44+00:00\",\"dateModified\":\"2024-09-26T07:05:57+00:00\",\"breadcrumb\":{\"@id\":\"https:\/\/ids.by\/es\/sistema-estatal-de-informacion-para-la-identificacion-aits\/#breadcrumb\"},\"inLanguage\":\"es-ES\",\"potentialAction\":[{\"@type\":\"ReadAction\",\"target\":[\"https:\/\/ids.by\/es\/sistema-estatal-de-informacion-para-la-identificacion-aits\/\"]}]},{\"@type\":\"ImageObject\",\"inLanguage\":\"es-ES\",\"@id\":\"https:\/\/ids.by\/es\/sistema-estatal-de-informacion-para-la-identificacion-aits\/#primaryimage\",\"url\":\"https:\/\/ids.by\/es\/wp-content\/uploads\/sites\/5\/2024\/03\/aits.png\",\"contentUrl\":\"https:\/\/ids.by\/es\/wp-content\/uploads\/sites\/5\/2024\/03\/aits.png\",\"width\":4658,\"height\":1872},{\"@type\":\"BreadcrumbList\",\"@id\":\"https:\/\/ids.by\/es\/sistema-estatal-de-informacion-para-la-identificacion-aits\/#breadcrumb\",\"itemListElement\":[{\"@type\":\"ListItem\",\"position\":1,\"name\":\"\u0413\u043b\u0430\u0432\u043d\u0430\u044f \u0441\u0442\u0440\u0430\u043d\u0438\u0446\u0430\",\"item\":\"https:\/\/ids.by\/es\/\"},{\"@type\":\"ListItem\",\"position\":2,\"name\":\"Sistema de informaci\u00f3n estatal para la identificaci\u00f3n, registro y trazabilidad de animales y productos de origen animal (AITS)\"}]},{\"@type\":\"WebSite\",\"@id\":\"https:\/\/ids.by\/es\/#website\",\"url\":\"https:\/\/ids.by\/es\/\",\"name\":\"Centro de Sistemas de Identificaci\u00f3n\",\"description\":\"\",\"potentialAction\":[{\"@type\":\"SearchAction\",\"target\":{\"@type\":\"EntryPoint\",\"urlTemplate\":\"https:\/\/ids.by\/es\/?s={search_term_string}\"},\"query-input\":{\"@type\":\"PropertyValueSpecification\",\"valueRequired\":true,\"valueName\":\"search_term_string\"}}],\"inLanguage\":\"es-ES\"}]}<\/script>\n<!-- \/ Yoast SEO plugin. -->","yoast_head_json":{"title":"Sistema de informaci\u00f3n estatal para la identificaci\u00f3n, registro y trazabilidad de animales y productos de origen animal (AITS) - Centro de Sistemas de Identificaci\u00f3n","robots":{"index":"index","follow":"follow","max-snippet":"max-snippet:-1","max-image-preview":"max-image-preview:large","max-video-preview":"max-video-preview:-1"},"canonical":"https:\/\/ids.by\/es\/sistema-estatal-de-informacion-para-la-identificacion-aits\/","og_locale":"es_ES","og_type":"article","og_title":"Sistema de informaci\u00f3n estatal para la identificaci\u00f3n, registro y trazabilidad de animales y productos de origen animal (AITS) - Centro de Sistemas de Identificaci\u00f3n","og_description":"El sistema AITS est\u00e1 destinado a la regulaci\u00f3n y gesti\u00f3n estatal en materia de identificaci\u00f3n, registro, trazabili-dad de animales de granja (reba\u00f1os) de todas las formas de propiedad (bovinos, equinos, porcinos, caprinos, ovinos), establecimientos ganaderos, as\u00ed como la identi-ficaci\u00f3n y trazabilidad de los productos de origen animal. Un requisito previo para construir cadenas de suministro [&hellip;]","og_url":"https:\/\/ids.by\/es\/sistema-estatal-de-informacion-para-la-identificacion-aits\/","og_site_name":"Centro de Sistemas de Identificaci\u00f3n","article_modified_time":"2024-09-26T07:05:57+00:00","og_image":[{"url":"https:\/\/ids.by\/es\/wp-content\/uploads\/sites\/5\/2024\/03\/aits.png","type":"","width":"","height":""}],"twitter_card":"summary_large_image","twitter_misc":{"Tiempo de lectura":"2 minutes"},"schema":{"@context":"https:\/\/schema.org","@graph":[{"@type":"WebPage","@id":"https:\/\/ids.by\/es\/sistema-estatal-de-informacion-para-la-identificacion-aits\/","url":"https:\/\/ids.by\/es\/sistema-estatal-de-informacion-para-la-identificacion-aits\/","name":"Sistema de informaci\u00f3n estatal para la identificaci\u00f3n, registro y trazabilidad de animales y productos de origen animal (AITS) - Centro de Sistemas de Identificaci\u00f3n","isPartOf":{"@id":"https:\/\/ids.by\/es\/#website"},"primaryImageOfPage":{"@id":"https:\/\/ids.by\/es\/sistema-estatal-de-informacion-para-la-identificacion-aits\/#primaryimage"},"image":{"@id":"https:\/\/ids.by\/es\/sistema-estatal-de-informacion-para-la-identificacion-aits\/#primaryimage"},"thumbnailUrl":"https:\/\/ids.by\/es\/wp-content\/uploads\/sites\/5\/2024\/03\/aits.png","datePublished":"2023-09-21T18:15:44+00:00","dateModified":"2024-09-26T07:05:57+00:00","breadcrumb":{"@id":"https:\/\/ids.by\/es\/sistema-estatal-de-informacion-para-la-identificacion-aits\/#breadcrumb"},"inLanguage":"es-ES","potentialAction":[{"@type":"ReadAction","target":["https:\/\/ids.by\/es\/sistema-estatal-de-informacion-para-la-identificacion-aits\/"]}]},{"@type":"ImageObject","inLanguage":"es-ES","@id":"https:\/\/ids.by\/es\/sistema-estatal-de-informacion-para-la-identificacion-aits\/#primaryimage","url":"https:\/\/ids.by\/es\/wp-content\/uploads\/sites\/5\/2024\/03\/aits.png","contentUrl":"https:\/\/ids.by\/es\/wp-content\/uploads\/sites\/5\/2024\/03\/aits.png","width":4658,"height":1872},{"@type":"BreadcrumbList","@id":"https:\/\/ids.by\/es\/sistema-estatal-de-informacion-para-la-identificacion-aits\/#breadcrumb","itemListElement":[{"@type":"ListItem","position":1,"name":"\u0413\u043b\u0430\u0432\u043d\u0430\u044f \u0441\u0442\u0440\u0430\u043d\u0438\u0446\u0430","item":"https:\/\/ids.by\/es\/"},{"@type":"ListItem","position":2,"name":"Sistema de informaci\u00f3n estatal para la identificaci\u00f3n, registro y trazabilidad de animales y productos de origen animal (AITS)"}]},{"@type":"WebSite","@id":"https:\/\/ids.by\/es\/#website","url":"https:\/\/ids.by\/es\/","name":"Centro de Sistemas de Identificaci\u00f3n","description":"","potentialAction":[{"@type":"SearchAction","target":{"@type":"EntryPoint","urlTemplate":"https:\/\/ids.by\/es\/?s={search_term_string}"},"query-input":{"@type":"PropertyValueSpecification","valueRequired":true,"valueName":"search_term_string"}}],"inLanguage":"es-ES"}]}},"_links":{"self":[{"href":"https:\/\/ids.by\/es\/wp-json\/wp\/v2\/pages\/15308","targetHints":{"allow":["GET"]}}],"collection":[{"href":"https:\/\/ids.by\/es\/wp-json\/wp\/v2\/pages"}],"about":[{"href":"https:\/\/ids.by\/es\/wp-json\/wp\/v2\/types\/page"}],"author":[{"embeddable":true,"href":"https:\/\/ids.by\/es\/wp-json\/wp\/v2\/users\/1"}],"replies":[{"embeddable":true,"href":"https:\/\/ids.by\/es\/wp-json\/wp\/v2\/comments?post=15308"}],"version-history":[{"count":33,"href":"https:\/\/ids.by\/es\/wp-json\/wp\/v2\/pages\/15308\/revisions"}],"predecessor-version":[{"id":16188,"href":"https:\/\/ids.by\/es\/wp-json\/wp\/v2\/pages\/15308\/revisions\/16188"}],"wp:attachment":[{"href":"https:\/\/ids.by\/es\/wp-json\/wp\/v2\/media?parent=15308"}],"curies":[{"name":"wp","href":"https:\/\/api.w.org\/{rel}","templated":true}]}}