{"id":10496,"date":"2023-06-05T13:29:33","date_gmt":"2023-06-05T13:29:33","guid":{"rendered":"http:\/\/ids.by\/?page_id=10496"},"modified":"2025-09-30T14:58:25","modified_gmt":"2025-09-30T11:58:25","slug":"contactos","status":"publish","type":"page","link":"https:\/\/ids.by\/es\/contactos\/","title":{"rendered":"Contactos"},"content":{"rendered":"\t\t<div data-elementor-type=\"wp-page\" data-elementor-id=\"10496\" class=\"elementor elementor-10496\">\n\t\t\t\t\t\t<section data-particle_enable=\"false\" data-particle-mobile-disabled=\"false\" class=\"elementor-section elementor-top-section elementor-element elementor-element-633ade7 elementor-section-full_width pix-container-boxed-no elementor-section-height-default elementor-section-height-default\" data-id=\"633ade7\" data-element_type=\"section\" data-e-type=\"section\">\n\t\t\t\t\t\t<div class=\"elementor-container elementor-column-gap-default\">\n\t\t\t\t\t<div class=\"elementor-column elementor-col-50 elementor-top-column elementor-element elementor-element-2fb37ab\" data-id=\"2fb37ab\" data-element_type=\"column\" data-e-type=\"column\">\n\t\t\t<div class=\"elementor-widget-wrap elementor-element-populated\">\n\t\t\t\t\t\t<div class=\"elementor-element elementor-element-1322235 elementor-widget elementor-widget-text-editor\" data-id=\"1322235\" data-element_type=\"widget\" data-e-type=\"widget\" data-widget_type=\"text-editor.default\">\n\t\t\t\t<div class=\"elementor-widget-container\">\n\t\t\t\t\t\t\t\t\t<p><strong>Director<\/strong><br \/>Victor Dravitsa<br \/>Tel: +375(17)373-30-80<\/p><p><span style=\"font-family: Manrope; font-weight: bold; color: var(--pix-font-color); font-size: 1em;\">Director<\/span><strong>\u00a0t\u00e9cnico<\/strong><br \/>Gennady Volnisty<br \/>Tel.\/Fax: +375(17)275-90-81<\/p><p><strong>Recepci\u00f3n<\/strong><br \/>Tel.\/Fax: +375(17)373-30-80<br \/>Correo electr\u00f3nico: <a href=\"mailto:info@ids.by\">info@ids.by<\/a><\/p>\t\t\t\t\t\t\t\t<\/div>\n\t\t\t\t<\/div>\n\t\t\t\t\t<\/div>\n\t\t<\/div>\n\t\t\t\t<div class=\"elementor-column elementor-col-50 elementor-top-column elementor-element elementor-element-dcab5b7\" data-id=\"dcab5b7\" data-element_type=\"column\" data-e-type=\"column\">\n\t\t\t<div class=\"elementor-widget-wrap elementor-element-populated\">\n\t\t\t\t\t\t<div class=\"elementor-element elementor-element-0019881 elementor-widget elementor-widget-text-editor\" data-id=\"0019881\" data-element_type=\"widget\" data-e-type=\"widget\" data-widget_type=\"text-editor.default\">\n\t\t\t\t<div class=\"elementor-widget-container\">\n\t\t\t\t\t\t\t\t\t<p><strong>Centro de Sistemas de Identificaci\u00f3n:<\/strong><\/p><p><strong>Oficina central:<\/strong><br \/>220072, Minsk, Cl. Academicheskaya, 15\/2<br \/>Tel: +375(17)373-30-80, +375(17)275-90-81<br \/>GTIN: 4814279000977<br \/>Correo electr\u00f3nico: <a href=\"mailto:info@ids.by\">info@ids.by<\/a><\/p><p><strong>Departamento de Identificaci\u00f3n:<\/strong><br \/>220012, Minsk, Cl. Tolbukhin, 2, piso 3, oficina 314<br \/>Tel: +375(17)357-05-29, +375(17)305-87-69<br \/>Correo electr\u00f3nico: <a href=\"mailto:gtin@ids.by\">gtin@ids.by<\/a><\/p>\t\t\t\t\t\t\t\t<\/div>\n\t\t\t\t<\/div>\n\t\t\t\t\t<\/div>\n\t\t<\/div>\n\t\t\t\t\t<\/div>\n\t\t<\/section>\n\t\t\t\t<section data-particle_enable=\"false\" data-particle-mobile-disabled=\"false\" class=\"elementor-section elementor-top-section elementor-element elementor-element-4b3fd8f elementor-section-full_width pix-container-boxed-no elementor-section-height-default elementor-section-height-default\" data-id=\"4b3fd8f\" data-element_type=\"section\" data-e-type=\"section\">\n\t\t\t\t\t\t<div class=\"elementor-container elementor-column-gap-default\">\n\t\t\t\t\t<div class=\"elementor-column elementor-col-100 elementor-top-column elementor-element elementor-element-d5248e9\" data-id=\"d5248e9\" data-element_type=\"column\" data-e-type=\"column\">\n\t\t\t<div class=\"elementor-widget-wrap elementor-element-populated\">\n\t\t\t\t\t\t<div class=\"elementor-element elementor-element-6d73986 elementor-widget elementor-widget-html\" data-id=\"6d73986\" data-element_type=\"widget\" data-e-type=\"widget\" data-widget_type=\"html.default\">\n\t\t\t\t<div class=\"elementor-widget-container\">\n\t\t\t\t\t<script type=\"text\/javascript\" charset=\"utf-8\" async src=\"https:\/\/api-maps.yandex.ru\/services\/constructor\/1.0\/js\/?um=constructor%3A89190a9ba2ed687268560541564cc580e3c30eb78cd27a0f14fcb4033d3608cd&amp;width=100%25&amp;height=500&amp;lang=ru_RU&amp;scroll=false\"><\/script>\t\t\t\t<\/div>\n\t\t\t\t<\/div>\n\t\t\t\t\t<\/div>\n\t\t<\/div>\n\t\t\t\t\t<\/div>\n\t\t<\/section>\n\t\t\t\t<\/div>\n\t\t","protected":false},"excerpt":{"rendered":"<p>DirectorVictor DravitsaTel: +375(17)373-30-80 Director\u00a0t\u00e9cnicoGennady VolnistyTel.\/Fax: +375(17)275-90-81 Recepci\u00f3nTel.\/Fax: +375(17)373-30-80Correo electr\u00f3nico: info@ids.by Centro de Sistemas de Identificaci\u00f3n: Oficina central:220072, Minsk, Cl. Academicheskaya, 15\/2Tel: +375(17)373-30-80, +375(17)275-90-81GTIN: 4814279000977Correo electr\u00f3nico: info@ids.by Departamento de Identificaci\u00f3n:220012, Minsk, Cl. Tolbukhin, 2, piso 3, oficina 314Tel: +375(17)357-05-29, +375(17)305-87-69Correo electr\u00f3nico: gtin@ids.by<\/p>\n","protected":false},"author":1,"featured_media":0,"parent":0,"menu_order":0,"comment_status":"closed","ping_status":"closed","template":"","meta":{"inline_featured_image":false,"footnotes":""},"class_list":["post-10496","page","type-page","status-publish","hentry"],"yoast_head":"<!-- This site is optimized with the Yoast SEO plugin v24.7 - https:\/\/yoast.com\/wordpress\/plugins\/seo\/ -->\n<title>Contactos - Centro de Sistemas de Identificaci\u00f3n<\/title>\n<meta name=\"robots\" content=\"index, follow, max-snippet:-1, max-image-preview:large, max-video-preview:-1\" \/>\n<link rel=\"canonical\" href=\"https:\/\/ids.by\/es\/contactos\/\" \/>\n<meta property=\"og:locale\" content=\"es_ES\" \/>\n<meta property=\"og:type\" content=\"article\" \/>\n<meta property=\"og:title\" content=\"Contactos - Centro de Sistemas de Identificaci\u00f3n\" \/>\n<meta property=\"og:description\" content=\"DirectorVictor DravitsaTel: +375(17)373-30-80 Director\u00a0t\u00e9cnicoGennady VolnistyTel.\/Fax: +375(17)275-90-81 Recepci\u00f3nTel.\/Fax: +375(17)373-30-80Correo electr\u00f3nico: info@ids.by Centro de Sistemas de Identificaci\u00f3n: Oficina central:220072, Minsk, Cl. Academicheskaya, 15\/2Tel: +375(17)373-30-80, +375(17)275-90-81GTIN: 4814279000977Correo electr\u00f3nico: info@ids.by Departamento de Identificaci\u00f3n:220012, Minsk, Cl. Tolbukhin, 2, piso 3, oficina 314Tel: +375(17)357-05-29, +375(17)305-87-69Correo electr\u00f3nico: gtin@ids.by\" \/>\n<meta property=\"og:url\" content=\"https:\/\/ids.by\/es\/contactos\/\" \/>\n<meta property=\"og:site_name\" content=\"Centro de Sistemas de Identificaci\u00f3n\" \/>\n<meta property=\"article:modified_time\" content=\"2025-09-30T11:58:25+00:00\" \/>\n<meta name=\"twitter:card\" content=\"summary_large_image\" \/>\n<meta name=\"twitter:label1\" content=\"Tiempo de lectura\" \/>\n\t<meta name=\"twitter:data1\" content=\"1 minute\" \/>\n<script type=\"application\/ld+json\" class=\"yoast-schema-graph\">{\"@context\":\"https:\/\/schema.org\",\"@graph\":[{\"@type\":\"WebPage\",\"@id\":\"https:\/\/ids.by\/es\/contactos\/\",\"url\":\"https:\/\/ids.by\/es\/contactos\/\",\"name\":\"Contactos - Centro de Sistemas de Identificaci\u00f3n\",\"isPartOf\":{\"@id\":\"https:\/\/ids.by\/es\/#website\"},\"datePublished\":\"2023-06-05T13:29:33+00:00\",\"dateModified\":\"2025-09-30T11:58:25+00:00\",\"breadcrumb\":{\"@id\":\"https:\/\/ids.by\/es\/contactos\/#breadcrumb\"},\"inLanguage\":\"es-ES\",\"potentialAction\":[{\"@type\":\"ReadAction\",\"target\":[\"https:\/\/ids.by\/es\/contactos\/\"]}]},{\"@type\":\"BreadcrumbList\",\"@id\":\"https:\/\/ids.by\/es\/contactos\/#breadcrumb\",\"itemListElement\":[{\"@type\":\"ListItem\",\"position\":1,\"name\":\"\u0413\u043b\u0430\u0432\u043d\u0430\u044f \u0441\u0442\u0440\u0430\u043d\u0438\u0446\u0430\",\"item\":\"https:\/\/ids.by\/es\/\"},{\"@type\":\"ListItem\",\"position\":2,\"name\":\"Contactos\"}]},{\"@type\":\"WebSite\",\"@id\":\"https:\/\/ids.by\/es\/#website\",\"url\":\"https:\/\/ids.by\/es\/\",\"name\":\"Centro de Sistemas de Identificaci\u00f3n\",\"description\":\"\",\"potentialAction\":[{\"@type\":\"SearchAction\",\"target\":{\"@type\":\"EntryPoint\",\"urlTemplate\":\"https:\/\/ids.by\/es\/?s={search_term_string}\"},\"query-input\":{\"@type\":\"PropertyValueSpecification\",\"valueRequired\":true,\"valueName\":\"search_term_string\"}}],\"inLanguage\":\"es-ES\"}]}<\/script>\n<!-- \/ Yoast SEO plugin. -->","yoast_head_json":{"title":"Contactos - Centro de Sistemas de Identificaci\u00f3n","robots":{"index":"index","follow":"follow","max-snippet":"max-snippet:-1","max-image-preview":"max-image-preview:large","max-video-preview":"max-video-preview:-1"},"canonical":"https:\/\/ids.by\/es\/contactos\/","og_locale":"es_ES","og_type":"article","og_title":"Contactos - Centro de Sistemas de Identificaci\u00f3n","og_description":"DirectorVictor DravitsaTel: +375(17)373-30-80 Director\u00a0t\u00e9cnicoGennady VolnistyTel.\/Fax: +375(17)275-90-81 Recepci\u00f3nTel.\/Fax: +375(17)373-30-80Correo electr\u00f3nico: info@ids.by Centro de Sistemas de Identificaci\u00f3n: Oficina central:220072, Minsk, Cl. Academicheskaya, 15\/2Tel: +375(17)373-30-80, +375(17)275-90-81GTIN: 4814279000977Correo electr\u00f3nico: info@ids.by Departamento de Identificaci\u00f3n:220012, Minsk, Cl. Tolbukhin, 2, piso 3, oficina 314Tel: +375(17)357-05-29, +375(17)305-87-69Correo electr\u00f3nico: gtin@ids.by","og_url":"https:\/\/ids.by\/es\/contactos\/","og_site_name":"Centro de Sistemas de Identificaci\u00f3n","article_modified_time":"2025-09-30T11:58:25+00:00","twitter_card":"summary_large_image","twitter_misc":{"Tiempo de lectura":"1 minute"},"schema":{"@context":"https:\/\/schema.org","@graph":[{"@type":"WebPage","@id":"https:\/\/ids.by\/es\/contactos\/","url":"https:\/\/ids.by\/es\/contactos\/","name":"Contactos - Centro de Sistemas de Identificaci\u00f3n","isPartOf":{"@id":"https:\/\/ids.by\/es\/#website"},"datePublished":"2023-06-05T13:29:33+00:00","dateModified":"2025-09-30T11:58:25+00:00","breadcrumb":{"@id":"https:\/\/ids.by\/es\/contactos\/#breadcrumb"},"inLanguage":"es-ES","potentialAction":[{"@type":"ReadAction","target":["https:\/\/ids.by\/es\/contactos\/"]}]},{"@type":"BreadcrumbList","@id":"https:\/\/ids.by\/es\/contactos\/#breadcrumb","itemListElement":[{"@type":"ListItem","position":1,"name":"\u0413\u043b\u0430\u0432\u043d\u0430\u044f \u0441\u0442\u0440\u0430\u043d\u0438\u0446\u0430","item":"https:\/\/ids.by\/es\/"},{"@type":"ListItem","position":2,"name":"Contactos"}]},{"@type":"WebSite","@id":"https:\/\/ids.by\/es\/#website","url":"https:\/\/ids.by\/es\/","name":"Centro de Sistemas de Identificaci\u00f3n","description":"","potentialAction":[{"@type":"SearchAction","target":{"@type":"EntryPoint","urlTemplate":"https:\/\/ids.by\/es\/?s={search_term_string}"},"query-input":{"@type":"PropertyValueSpecification","valueRequired":true,"valueName":"search_term_string"}}],"inLanguage":"es-ES"}]}},"_links":{"self":[{"href":"https:\/\/ids.by\/es\/wp-json\/wp\/v2\/pages\/10496","targetHints":{"allow":["GET"]}}],"collection":[{"href":"https:\/\/ids.by\/es\/wp-json\/wp\/v2\/pages"}],"about":[{"href":"https:\/\/ids.by\/es\/wp-json\/wp\/v2\/types\/page"}],"author":[{"embeddable":true,"href":"https:\/\/ids.by\/es\/wp-json\/wp\/v2\/users\/1"}],"replies":[{"embeddable":true,"href":"https:\/\/ids.by\/es\/wp-json\/wp\/v2\/comments?post=10496"}],"version-history":[{"count":21,"href":"https:\/\/ids.by\/es\/wp-json\/wp\/v2\/pages\/10496\/revisions"}],"predecessor-version":[{"id":16249,"href":"https:\/\/ids.by\/es\/wp-json\/wp\/v2\/pages\/10496\/revisions\/16249"}],"wp:attachment":[{"href":"https:\/\/ids.by\/es\/wp-json\/wp\/v2\/media?parent=10496"}],"curies":[{"name":"wp","href":"https:\/\/api.w.org\/{rel}","templated":true}]}}